{"id":17939,"date":"2023-03-21T17:16:58","date_gmt":"2023-03-21T16:16:58","guid":{"rendered":"https:\/\/globals.app\/ebrexperience\/alojamientos\/"},"modified":"2023-06-26T11:16:32","modified_gmt":"2023-06-26T09:16:32","slug":"alojamientos","status":"publish","type":"page","link":"https:\/\/ebrexperience.cat\/es\/experiencias\/alojamientos\/","title":{"rendered":"Alojamientos"},"content":{"rendered":"\t\t<div data-elementor-type=\"wp-page\" data-elementor-id=\"17939\" class=\"elementor elementor-17939 elementor-10037\">\n\t\t\t\t\t\t<section class=\"elementor-section elementor-top-section elementor-element elementor-element-a01dad1 section-130 categoria__section-title elementor-section-content-middle elementor-section-boxed elementor-section-height-default elementor-section-height-default\" data-id=\"a01dad1\" data-element_type=\"section\" data-e-type=\"section\">\n\t\t\t\t\t\t<div class=\"elementor-container elementor-column-gap-default\">\n\t\t\t\t\t<div class=\"elementor-column elementor-col-50 elementor-top-column elementor-element elementor-element-9078fe1\" data-id=\"9078fe1\" data-element_type=\"column\" data-e-type=\"column\">\n\t\t\t<div class=\"elementor-widget-wrap elementor-element-populated\">\n\t\t\t\t\t\t<div class=\"elementor-element elementor-element-217bc6a elementor-widget__width-initial elementor-widget elementor-widget-text-editor\" data-id=\"217bc6a\" data-element_type=\"widget\" data-e-type=\"widget\" data-widget_type=\"text-editor.default\">\n\t\t\t\t<div class=\"elementor-widget-container\">\n\t\t\t\t\t\t\t\t\t<h1 class=\"h2\">Alojamientos en las Terres de l&#8217;Ebre<\/h1>\n\t\t\t\t\t\t\t\t<\/div>\n\t\t\t\t<\/div>\n\t\t\t\t\t<\/div>\n\t\t<\/div>\n\t\t\t\t<div class=\"elementor-column elementor-col-50 elementor-top-column elementor-element elementor-element-90bc7e5\" data-id=\"90bc7e5\" data-element_type=\"column\" data-e-type=\"column\">\n\t\t\t<div class=\"elementor-widget-wrap elementor-element-populated\">\n\t\t\t\t\t\t<div class=\"elementor-element elementor-element-d47b48c elementor-widget elementor-widget-text-editor\" data-id=\"d47b48c\" data-element_type=\"widget\" data-e-type=\"widget\" data-widget_type=\"text-editor.default\">\n\t\t\t\t<div class=\"elementor-widget-container\">\n\t\t\t\t\t\t\t\t\t<p>Si buscas <strong>alojamientos<\/strong> en las Terres de l&#8217;Ebre aqu\u00ed encontrar\u00e1s para todos los gustos: casas rurales, apartamentos tur\u00edsticos, hoteles y campings. \u00a1Elige cu\u00e1l es el tuyo!<\/p>\n\t\t\t\t\t\t\t\t<\/div>\n\t\t\t\t<\/div>\n\t\t\t\t\t<\/div>\n\t\t<\/div>\n\t\t\t\t\t<\/div>\n\t\t<\/section>\n\t\t\t\t<section class=\"elementor-section elementor-top-section elementor-element elementor-element-5eea502 section-130 elementor-section-boxed elementor-section-height-default elementor-section-height-default\" data-id=\"5eea502\" data-element_type=\"section\" data-e-type=\"section\" data-settings=\"{&quot;background_background&quot;:&quot;classic&quot;}\">\n\t\t\t\t\t\t<div class=\"elementor-container elementor-column-gap-default\">\n\t\t\t\t\t<div class=\"elementor-column elementor-col-100 elementor-top-column elementor-element elementor-element-3b02540\" data-id=\"3b02540\" data-element_type=\"column\" data-e-type=\"column\">\n\t\t\t<div class=\"elementor-widget-wrap elementor-element-populated\">\n\t\t\t\t\t\t<div class=\"elementor-element elementor-element-cf7204f elementor-widget elementor-widget-heading\" data-id=\"cf7204f\" data-element_type=\"widget\" data-e-type=\"widget\" data-widget_type=\"heading.default\">\n\t\t\t\t<div class=\"elementor-widget-container\">\n\t\t\t\t\t<h2 class=\"elementor-heading-title elementor-size-default\">D\u00f3nde dormir en las Terres de l'Ebre<\/h2>\t\t\t\t<\/div>\n\t\t\t\t<\/div>\n\t\t\t\t<section class=\"elementor-section elementor-inner-section elementor-element elementor-element-972adcc elementor-section-boxed elementor-section-height-default elementor-section-height-default\" data-id=\"972adcc\" data-element_type=\"section\" data-e-type=\"section\" data-settings=\"{&quot;background_background&quot;:&quot;classic&quot;}\">\n\t\t\t\t\t\t<div class=\"elementor-container elementor-column-gap-default\">\n\t\t\t\t\t<div class=\"elementor-column elementor-col-33 elementor-inner-column elementor-element elementor-element-2ed1d7c\" data-id=\"2ed1d7c\" data-element_type=\"column\" data-e-type=\"column\">\n\t\t\t<div class=\"elementor-widget-wrap elementor-element-populated\">\n\t\t\t\t\t\t<div class=\"elementor-element elementor-element-bc05298 elementor-widget elementor-widget-text-editor\" data-id=\"bc05298\" data-element_type=\"widget\" data-e-type=\"widget\" data-widget_type=\"text-editor.default\">\n\t\t\t\t<div class=\"elementor-widget-container\">\n\t\t\t\t\t\t\t\t\t<p>Las Terres de l&#8217;Ebre re\u00fanen numerosos encantos en el peque\u00f1o espacio de s\u00f3lo 4 comarcas, que invitan a los visitantes a unirse durante unos d\u00edas a las idas y venidas de todo lo que se mueve en pueblos y ciudades de la zona. Aqu\u00ed la oferta de <strong>alojamientos<\/strong> es muy variada y sugerente.<\/p>\n\t\t\t\t\t\t\t\t<\/div>\n\t\t\t\t<\/div>\n\t\t\t\t\t<\/div>\n\t\t<\/div>\n\t\t\t\t<div class=\"elementor-column elementor-col-33 elementor-inner-column elementor-element elementor-element-15daf8d\" data-id=\"15daf8d\" data-element_type=\"column\" data-e-type=\"column\">\n\t\t\t<div class=\"elementor-widget-wrap elementor-element-populated\">\n\t\t\t\t\t\t<div class=\"elementor-element elementor-element-04ac8ae elementor-widget elementor-widget-text-editor\" data-id=\"04ac8ae\" data-element_type=\"widget\" data-e-type=\"widget\" data-widget_type=\"text-editor.default\">\n\t\t\t\t<div class=\"elementor-widget-container\">\n\t\t\t\t\t\t\t\t\t<p>Desde la libertad que ofrece la estancia en un camping de mar, monta\u00f1a o r\u00edo, a las comodidades del hotel m\u00e1s exclusivo, pasando por escoger una bonita casa rural en medio de un campo de arroz o en la cima de una colina con vistas a un campo en flor, los <strong>alojamientos<\/strong> en las Terres de l&#8217;Ebre te conquistar\u00e1n.<\/p>\n\t\t\t\t\t\t\t\t<\/div>\n\t\t\t\t<\/div>\n\t\t\t\t\t<\/div>\n\t\t<\/div>\n\t\t\t\t<div class=\"elementor-column elementor-col-33 elementor-inner-column elementor-element elementor-element-57816e9\" data-id=\"57816e9\" data-element_type=\"column\" data-e-type=\"column\">\n\t\t\t<div class=\"elementor-widget-wrap elementor-element-populated\">\n\t\t\t\t\t\t<div class=\"elementor-element elementor-element-c9b250b elementor-widget elementor-widget-text-editor\" data-id=\"c9b250b\" data-element_type=\"widget\" data-e-type=\"widget\" data-widget_type=\"text-editor.default\">\n\t\t\t\t<div class=\"elementor-widget-container\">\n\t\t\t\t\t\t\t\t\t<p>Los apartamentos tur\u00edsticos y las casas de pueblo son tambi\u00e9n una gran elecci\u00f3n que nos hace vivir una experiencia m\u00e1s integradora con la localidad que visitamos. Los apartamentos tur\u00edsticos en las Terres de l&#8217;Ebre suelen ofrecer las comodidades y servicios de una casa y son ideales si vamos con ni\u00f1os o llevamos una mascota.<\/p>\n\t\t\t\t\t\t\t\t<\/div>\n\t\t\t\t<\/div>\n\t\t\t\t\t<\/div>\n\t\t<\/div>\n\t\t\t\t\t<\/div>\n\t\t<\/section>\n\t\t\t\t\t<\/div>\n\t\t<\/div>\n\t\t\t\t\t<\/div>\n\t\t<\/section>\n\t\t\t\t<section class=\"elementor-section elementor-top-section elementor-element elementor-element-5917020 elementor-section-full_width elementor-section-height-default elementor-section-height-default\" data-id=\"5917020\" data-element_type=\"section\" data-e-type=\"section\" data-settings=\"{&quot;background_background&quot;:&quot;classic&quot;}\">\n\t\t\t\t\t\t<div class=\"elementor-container elementor-column-gap-default\">\n\t\t\t\t\t<div class=\"elementor-column elementor-col-50 elementor-top-column elementor-element elementor-element-d5ca3df section-130 width-712 width-712-left home__biosfera-content experiencies__escapat-content\" data-id=\"d5ca3df\" data-element_type=\"column\" data-e-type=\"column\" data-settings=\"{&quot;background_background&quot;:&quot;classic&quot;}\">\n\t\t\t<div class=\"elementor-widget-wrap elementor-element-populated\">\n\t\t\t\t\t\t<div class=\"elementor-element elementor-element-805c1ce elementor-widget elementor-widget-heading\" data-id=\"805c1ce\" data-element_type=\"widget\" data-e-type=\"widget\" data-widget_type=\"heading.default\">\n\t\t\t\t<div class=\"elementor-widget-container\">\n\t\t\t\t\t<h2 class=\"elementor-heading-title elementor-size-default\">Vacaciones en familia, con la pareja o con amigos<\/h2>\t\t\t\t<\/div>\n\t\t\t\t<\/div>\n\t\t\t\t<div class=\"elementor-element elementor-element-b33f29e elementor-widget elementor-widget-text-editor\" data-id=\"b33f29e\" data-element_type=\"widget\" data-e-type=\"widget\" data-widget_type=\"text-editor.default\">\n\t\t\t\t<div class=\"elementor-widget-container\">\n\t\t\t\t\t\t\t\t\t<p>En ning\u00fan otro punto de la geograf\u00eda catalana se da una diversidad tan grande de motivaciones para hacer una visita y una estancia de unos d\u00edas como en las Terres de l&#8217;Ebre: el paisaje que crea el r\u00edo Ebro a su paso por estas comarcas es \u00fanico, con sus arrozales al abrigo de los cuales se desarrolla la vida m\u00e1s rural y tradicional. Los campos de vi\u00f1a de la Terra Alta y los frutales de la Ribera d&#8217;Ebre. Tambi\u00e9n el Delta con sus singulares playas, los parques naturales con su opulenta concentraci\u00f3n de vida y de desarrollo biol\u00f3gico digno de estudio y protecci\u00f3n<\/p>\n<p>En las Terres de l&#8217;Ebre descubrir\u00e1s una gran variedad de propuestas para alojarte en espacios \u00fanicos. T\u00fa decides si vienes en pareja, con la familia o de escapada con las amigas y los amigos. \u00a1Disfruta de los mejores <strong>alojamientos rurales<\/strong>!<\/p>\n\t\t\t\t\t\t\t\t<\/div>\n\t\t\t\t<\/div>\n\t\t\t\t<div class=\"elementor-element elementor-element-f9880f8 button-negre elementor-widget elementor-widget-button\" data-id=\"f9880f8\" data-element_type=\"widget\" data-e-type=\"widget\" data-widget_type=\"button.default\">\n\t\t\t\t<div class=\"elementor-widget-container\">\n\t\t\t\t\t\t\t\t\t<div class=\"elementor-button-wrapper\">\n\t\t\t\t\t<a class=\"elementor-button elementor-button-link elementor-size-sm\" href=\"https:\/\/ebrexperience.cat\/es\/contacto\/\">\n\t\t\t\t\t\t<span class=\"elementor-button-content-wrapper\">\n\t\t\t\t\t\t\t\t\t<span class=\"elementor-button-text\">Contactar con nosotros<\/span>\n\t\t\t\t\t<\/span>\n\t\t\t\t\t<\/a>\n\t\t\t\t<\/div>\n\t\t\t\t\t\t\t\t<\/div>\n\t\t\t\t<\/div>\n\t\t\t\t\t<\/div>\n\t\t<\/div>\n\t\t\t\t<div class=\"elementor-column elementor-col-50 elementor-top-column elementor-element elementor-element-a43c9b5\" data-id=\"a43c9b5\" data-element_type=\"column\" data-e-type=\"column\" data-settings=\"{&quot;background_background&quot;:&quot;classic&quot;}\">\n\t\t\t<div class=\"elementor-widget-wrap elementor-element-populated\">\n\t\t\t\t\t\t<div class=\"elementor-element elementor-element-03a36ac elementor-hidden-desktop elementor-hidden-tablet elementor-widget elementor-widget-image\" data-id=\"03a36ac\" data-element_type=\"widget\" data-e-type=\"widget\" data-widget_type=\"image.default\">\n\t\t\t\t<div class=\"elementor-widget-container\">\n\t\t\t\t\t\t\t\t\t\t\t\t\t\t\t<img fetchpriority=\"high\" width=\"965\" height=\"1030\" class=\"attachment-full size-full wp-image-10722 lazy\" alt=\"\" data-src=\"https:\/\/ebrexperience.cat\/wp-content\/uploads\/2023\/03\/allotj-1.jpg\" data-lazy=\"https:\/\/ebrexperience.cat\/wp-content\/uploads\/2023\/03\/allotj-1.jpg\" \/>\t\t\t\t\t\t\t\t\t\t\t\t\t\t\t<\/div>\n\t\t\t\t<\/div>\n\t\t\t\t\t<\/div>\n\t\t<\/div>\n\t\t\t\t\t<\/div>\n\t\t<\/section>\n\t\t\t\t<\/div>\n\t\t","protected":false},"excerpt":{"rendered":"<p>Alojamientos en las Terres de l&#8217;Ebre Si buscas alojamientos en las Terres de l&#8217;Ebre aqu\u00ed encontrar\u00e1s para todos los gustos: casas rurales, apartamentos tur\u00edsticos, hoteles y campings. \u00a1Elige cu\u00e1l es el tuyo! D\u00f3nde dormir en las Terres de l&#8217;Ebre Las Terres de l&#8217;Ebre re\u00fanen numerosos encantos en el peque\u00f1o espacio de s\u00f3lo 4 comarcas, que &hellip; <\/p>\n","protected":false},"author":1,"featured_media":0,"parent":17941,"menu_order":0,"comment_status":"closed","ping_status":"closed","template":"page-categories.php","meta":{"_acf_changed":false,"footnotes":""},"class_list":["post-17939","page","type-page","status-publish","hentry"],"acf":[],"yoast_head":"<!-- This site is optimized with the Yoast SEO plugin v27.4 - https:\/\/yoast.com\/product\/yoast-seo-wordpress\/ -->\n<title>Alojamientos - Ebrexperience<\/title>\n<meta name=\"robots\" content=\"index, follow, max-snippet:-1, max-image-preview:large, max-video-preview:-1\" \/>\n<link rel=\"canonical\" href=\"https:\/\/ebrexperience.cat\/es\/experiencias\/alojamientos\/\" \/>\n<meta property=\"og:locale\" content=\"es_ES\" \/>\n<meta property=\"og:type\" content=\"article\" \/>\n<meta property=\"og:title\" content=\"Alojamientos - Ebrexperience\" \/>\n<meta property=\"og:description\" content=\"Alojamientos en las Terres de l&#8217;Ebre Si buscas alojamientos en las Terres de l&#8217;Ebre aqu\u00ed encontrar\u00e1s para todos los gustos: casas rurales, apartamentos tur\u00edsticos, hoteles y campings. \u00a1Elige cu\u00e1l es el tuyo! D\u00f3nde dormir en las Terres de l&#8217;Ebre Las Terres de l&#8217;Ebre re\u00fanen numerosos encantos en el peque\u00f1o espacio de s\u00f3lo 4 comarcas, que &hellip;\" \/>\n<meta property=\"og:url\" content=\"https:\/\/ebrexperience.cat\/es\/experiencias\/alojamientos\/\" \/>\n<meta property=\"og:site_name\" content=\"Ebrexperience\" \/>\n<meta property=\"article:publisher\" content=\"https:\/\/www.facebook.com\/EbreXperience\/\" \/>\n<meta property=\"article:modified_time\" content=\"2023-06-26T09:16:32+00:00\" \/>\n<meta property=\"og:image\" content=\"https:\/\/ebrexperience.cat\/wp-content\/uploads\/2023\/03\/allotj-1.jpg\" \/>\n<meta name=\"twitter:card\" content=\"summary_large_image\" \/>\n<meta name=\"twitter:site\" content=\"@ebrexperience\" \/>\n<meta name=\"twitter:label1\" content=\"Tiempo de lectura\" \/>\n\t<meta name=\"twitter:data1\" content=\"2 minutos\" \/>\n<script type=\"application\/ld+json\" class=\"yoast-schema-graph\">{\"@context\":\"https:\\\/\\\/schema.org\",\"@graph\":[{\"@type\":\"WebPage\",\"@id\":\"https:\\\/\\\/ebrexperience.cat\\\/es\\\/experiencias\\\/alojamientos\\\/\",\"url\":\"https:\\\/\\\/ebrexperience.cat\\\/es\\\/experiencias\\\/alojamientos\\\/\",\"name\":\"Alojamientos - Ebrexperience\",\"isPartOf\":{\"@id\":\"https:\\\/\\\/ebrexperience.cat\\\/#website\"},\"primaryImageOfPage\":{\"@id\":\"https:\\\/\\\/ebrexperience.cat\\\/es\\\/experiencias\\\/alojamientos\\\/#primaryimage\"},\"image\":{\"@id\":\"https:\\\/\\\/ebrexperience.cat\\\/es\\\/experiencias\\\/alojamientos\\\/#primaryimage\"},\"thumbnailUrl\":\"https:\\\/\\\/ebrexperience.cat\\\/wp-content\\\/uploads\\\/2023\\\/03\\\/allotj-1.jpg\",\"datePublished\":\"2023-03-21T16:16:58+00:00\",\"dateModified\":\"2023-06-26T09:16:32+00:00\",\"breadcrumb\":{\"@id\":\"https:\\\/\\\/ebrexperience.cat\\\/es\\\/experiencias\\\/alojamientos\\\/#breadcrumb\"},\"inLanguage\":\"es\",\"potentialAction\":[{\"@type\":\"ReadAction\",\"target\":[\"https:\\\/\\\/ebrexperience.cat\\\/es\\\/experiencias\\\/alojamientos\\\/\"]}]},{\"@type\":\"ImageObject\",\"inLanguage\":\"es\",\"@id\":\"https:\\\/\\\/ebrexperience.cat\\\/es\\\/experiencias\\\/alojamientos\\\/#primaryimage\",\"url\":\"https:\\\/\\\/ebrexperience.cat\\\/wp-content\\\/uploads\\\/2023\\\/03\\\/allotj-1.jpg\",\"contentUrl\":\"https:\\\/\\\/ebrexperience.cat\\\/wp-content\\\/uploads\\\/2023\\\/03\\\/allotj-1.jpg\"},{\"@type\":\"BreadcrumbList\",\"@id\":\"https:\\\/\\\/ebrexperience.cat\\\/es\\\/experiencias\\\/alojamientos\\\/#breadcrumb\",\"itemListElement\":[{\"@type\":\"ListItem\",\"position\":1,\"name\":\"Portada\",\"item\":\"https:\\\/\\\/ebrexperience.cat\\\/es\\\/\"},{\"@type\":\"ListItem\",\"position\":2,\"name\":\"Experiencias\",\"item\":\"https:\\\/\\\/ebrexperience.cat\\\/es\\\/experiencias\\\/\"},{\"@type\":\"ListItem\",\"position\":3,\"name\":\"Alojamientos\"}]},{\"@type\":\"WebSite\",\"@id\":\"https:\\\/\\\/ebrexperience.cat\\\/#website\",\"url\":\"https:\\\/\\\/ebrexperience.cat\\\/\",\"name\":\"Ebrexperience\",\"description\":\"\",\"publisher\":{\"@id\":\"https:\\\/\\\/ebrexperience.cat\\\/#organization\"},\"potentialAction\":[{\"@type\":\"SearchAction\",\"target\":{\"@type\":\"EntryPoint\",\"urlTemplate\":\"https:\\\/\\\/ebrexperience.cat\\\/?s={search_term_string}\"},\"query-input\":{\"@type\":\"PropertyValueSpecification\",\"valueRequired\":true,\"valueName\":\"search_term_string\"}}],\"inLanguage\":\"es\"},{\"@type\":\"Organization\",\"@id\":\"https:\\\/\\\/ebrexperience.cat\\\/#organization\",\"name\":\"Ebrexperience\",\"url\":\"https:\\\/\\\/ebrexperience.cat\\\/\",\"logo\":{\"@type\":\"ImageObject\",\"inLanguage\":\"es\",\"@id\":\"https:\\\/\\\/ebrexperience.cat\\\/#\\\/schema\\\/logo\\\/image\\\/\",\"url\":\"https:\\\/\\\/ebrexperience.cat\\\/wp-content\\\/uploads\\\/2023\\\/03\\\/logo.png\",\"contentUrl\":\"https:\\\/\\\/ebrexperience.cat\\\/wp-content\\\/uploads\\\/2023\\\/03\\\/logo.png\",\"width\":252,\"height\":45,\"caption\":\"Ebrexperience\"},\"image\":{\"@id\":\"https:\\\/\\\/ebrexperience.cat\\\/#\\\/schema\\\/logo\\\/image\\\/\"},\"sameAs\":[\"https:\\\/\\\/www.facebook.com\\\/EbreXperience\\\/\",\"https:\\\/\\\/x.com\\\/ebrexperience\",\"https:\\\/\\\/www.instagram.com\\\/ebrexperience\\\/\"]}]}<\/script>\n<!-- \/ Yoast SEO plugin. -->","yoast_head_json":{"title":"Alojamientos - Ebrexperience","robots":{"index":"index","follow":"follow","max-snippet":"max-snippet:-1","max-image-preview":"max-image-preview:large","max-video-preview":"max-video-preview:-1"},"canonical":"https:\/\/ebrexperience.cat\/es\/experiencias\/alojamientos\/","og_locale":"es_ES","og_type":"article","og_title":"Alojamientos - Ebrexperience","og_description":"Alojamientos en las Terres de l&#8217;Ebre Si buscas alojamientos en las Terres de l&#8217;Ebre aqu\u00ed encontrar\u00e1s para todos los gustos: casas rurales, apartamentos tur\u00edsticos, hoteles y campings. \u00a1Elige cu\u00e1l es el tuyo! D\u00f3nde dormir en las Terres de l&#8217;Ebre Las Terres de l&#8217;Ebre re\u00fanen numerosos encantos en el peque\u00f1o espacio de s\u00f3lo 4 comarcas, que &hellip;","og_url":"https:\/\/ebrexperience.cat\/es\/experiencias\/alojamientos\/","og_site_name":"Ebrexperience","article_publisher":"https:\/\/www.facebook.com\/EbreXperience\/","article_modified_time":"2023-06-26T09:16:32+00:00","og_image":[{"url":"https:\/\/ebrexperience.cat\/wp-content\/uploads\/2023\/03\/allotj-1.jpg","type":"","width":"","height":""}],"twitter_card":"summary_large_image","twitter_site":"@ebrexperience","twitter_misc":{"Tiempo de lectura":"2 minutos"},"schema":{"@context":"https:\/\/schema.org","@graph":[{"@type":"WebPage","@id":"https:\/\/ebrexperience.cat\/es\/experiencias\/alojamientos\/","url":"https:\/\/ebrexperience.cat\/es\/experiencias\/alojamientos\/","name":"Alojamientos - Ebrexperience","isPartOf":{"@id":"https:\/\/ebrexperience.cat\/#website"},"primaryImageOfPage":{"@id":"https:\/\/ebrexperience.cat\/es\/experiencias\/alojamientos\/#primaryimage"},"image":{"@id":"https:\/\/ebrexperience.cat\/es\/experiencias\/alojamientos\/#primaryimage"},"thumbnailUrl":"https:\/\/ebrexperience.cat\/wp-content\/uploads\/2023\/03\/allotj-1.jpg","datePublished":"2023-03-21T16:16:58+00:00","dateModified":"2023-06-26T09:16:32+00:00","breadcrumb":{"@id":"https:\/\/ebrexperience.cat\/es\/experiencias\/alojamientos\/#breadcrumb"},"inLanguage":"es","potentialAction":[{"@type":"ReadAction","target":["https:\/\/ebrexperience.cat\/es\/experiencias\/alojamientos\/"]}]},{"@type":"ImageObject","inLanguage":"es","@id":"https:\/\/ebrexperience.cat\/es\/experiencias\/alojamientos\/#primaryimage","url":"https:\/\/ebrexperience.cat\/wp-content\/uploads\/2023\/03\/allotj-1.jpg","contentUrl":"https:\/\/ebrexperience.cat\/wp-content\/uploads\/2023\/03\/allotj-1.jpg"},{"@type":"BreadcrumbList","@id":"https:\/\/ebrexperience.cat\/es\/experiencias\/alojamientos\/#breadcrumb","itemListElement":[{"@type":"ListItem","position":1,"name":"Portada","item":"https:\/\/ebrexperience.cat\/es\/"},{"@type":"ListItem","position":2,"name":"Experiencias","item":"https:\/\/ebrexperience.cat\/es\/experiencias\/"},{"@type":"ListItem","position":3,"name":"Alojamientos"}]},{"@type":"WebSite","@id":"https:\/\/ebrexperience.cat\/#website","url":"https:\/\/ebrexperience.cat\/","name":"Ebrexperience","description":"","publisher":{"@id":"https:\/\/ebrexperience.cat\/#organization"},"potentialAction":[{"@type":"SearchAction","target":{"@type":"EntryPoint","urlTemplate":"https:\/\/ebrexperience.cat\/?s={search_term_string}"},"query-input":{"@type":"PropertyValueSpecification","valueRequired":true,"valueName":"search_term_string"}}],"inLanguage":"es"},{"@type":"Organization","@id":"https:\/\/ebrexperience.cat\/#organization","name":"Ebrexperience","url":"https:\/\/ebrexperience.cat\/","logo":{"@type":"ImageObject","inLanguage":"es","@id":"https:\/\/ebrexperience.cat\/#\/schema\/logo\/image\/","url":"https:\/\/ebrexperience.cat\/wp-content\/uploads\/2023\/03\/logo.png","contentUrl":"https:\/\/ebrexperience.cat\/wp-content\/uploads\/2023\/03\/logo.png","width":252,"height":45,"caption":"Ebrexperience"},"image":{"@id":"https:\/\/ebrexperience.cat\/#\/schema\/logo\/image\/"},"sameAs":["https:\/\/www.facebook.com\/EbreXperience\/","https:\/\/x.com\/ebrexperience","https:\/\/www.instagram.com\/ebrexperience\/"]}]}},"_links":{"self":[{"href":"https:\/\/ebrexperience.cat\/es\/wp-json\/wp\/v2\/pages\/17939","targetHints":{"allow":["GET"]}}],"collection":[{"href":"https:\/\/ebrexperience.cat\/es\/wp-json\/wp\/v2\/pages"}],"about":[{"href":"https:\/\/ebrexperience.cat\/es\/wp-json\/wp\/v2\/types\/page"}],"author":[{"embeddable":true,"href":"https:\/\/ebrexperience.cat\/es\/wp-json\/wp\/v2\/users\/1"}],"replies":[{"embeddable":true,"href":"https:\/\/ebrexperience.cat\/es\/wp-json\/wp\/v2\/comments?post=17939"}],"version-history":[{"count":2,"href":"https:\/\/ebrexperience.cat\/es\/wp-json\/wp\/v2\/pages\/17939\/revisions"}],"predecessor-version":[{"id":18868,"href":"https:\/\/ebrexperience.cat\/es\/wp-json\/wp\/v2\/pages\/17939\/revisions\/18868"}],"up":[{"embeddable":true,"href":"https:\/\/ebrexperience.cat\/es\/wp-json\/wp\/v2\/pages\/17941"}],"wp:attachment":[{"href":"https:\/\/ebrexperience.cat\/es\/wp-json\/wp\/v2\/media?parent=17939"}],"curies":[{"name":"wp","href":"https:\/\/api.w.org\/{rel}","templated":true}]}}