{"id":17937,"date":"2023-03-01T16:01:24","date_gmt":"2023-03-01T15:01:24","guid":{"rendered":"https:\/\/globals.app\/ebrexperience\/deportes-y-aventura\/"},"modified":"2023-06-02T12:04:04","modified_gmt":"2023-06-02T10:04:04","slug":"deportes-y-aventura","status":"publish","type":"page","link":"https:\/\/ebrexperience.cat\/es\/experiencias\/deportes-y-aventura\/","title":{"rendered":"Deportes y aventura"},"content":{"rendered":"\t\t<div data-elementor-type=\"wp-page\" data-elementor-id=\"17937\" class=\"elementor elementor-17937 elementor-9449\">\n\t\t\t\t\t\t<section class=\"elementor-section elementor-top-section elementor-element elementor-element-f6613e6 section-130 categoria__section-title elementor-section-content-middle elementor-section-boxed elementor-section-height-default elementor-section-height-default\" data-id=\"f6613e6\" data-element_type=\"section\" data-e-type=\"section\">\n\t\t\t\t\t\t<div class=\"elementor-container elementor-column-gap-default\">\n\t\t\t\t\t<div class=\"elementor-column elementor-col-50 elementor-top-column elementor-element elementor-element-87c8f46\" data-id=\"87c8f46\" data-element_type=\"column\" data-e-type=\"column\">\n\t\t\t<div class=\"elementor-widget-wrap elementor-element-populated\">\n\t\t\t\t\t\t<div class=\"elementor-element elementor-element-8ebfaee elementor-widget__width-initial elementor-widget elementor-widget-text-editor\" data-id=\"8ebfaee\" data-element_type=\"widget\" data-e-type=\"widget\" data-widget_type=\"text-editor.default\">\n\t\t\t\t<div class=\"elementor-widget-container\">\n\t\t\t\t\t\t\t\t\t<h1 class=\"h2\">Deportes y aventura en las Terres de l&#8217;Ebre<\/h1>\n\t\t\t\t\t\t\t\t<\/div>\n\t\t\t\t<\/div>\n\t\t\t\t\t<\/div>\n\t\t<\/div>\n\t\t\t\t<div class=\"elementor-column elementor-col-50 elementor-top-column elementor-element elementor-element-f624823\" data-id=\"f624823\" data-element_type=\"column\" data-e-type=\"column\">\n\t\t\t<div class=\"elementor-widget-wrap elementor-element-populated\">\n\t\t\t\t\t\t<div class=\"elementor-element elementor-element-d65797f elementor-widget elementor-widget-text-editor\" data-id=\"d65797f\" data-element_type=\"widget\" data-e-type=\"widget\" data-widget_type=\"text-editor.default\">\n\t\t\t\t<div class=\"elementor-widget-container\">\n\t\t\t\t\t\t\t\t\t<p>Te ofrecemos una gran variedad de experiencias de <strong>deportes y aventura<\/strong> en las Terres de l&#8217;Ebre, desde la m\u00e1s emocionante y atrevida hasta la m\u00e1s relajante y enriquecedora.<\/p>\n\t\t\t\t\t\t\t\t<\/div>\n\t\t\t\t<\/div>\n\t\t\t\t\t<\/div>\n\t\t<\/div>\n\t\t\t\t\t<\/div>\n\t\t<\/section>\n\t\t\t\t<section class=\"elementor-section elementor-top-section elementor-element elementor-element-65f77f1 section-130 elementor-section-boxed elementor-section-height-default elementor-section-height-default\" data-id=\"65f77f1\" data-element_type=\"section\" data-e-type=\"section\" data-settings=\"{&quot;background_background&quot;:&quot;classic&quot;}\">\n\t\t\t\t\t\t<div class=\"elementor-container elementor-column-gap-default\">\n\t\t\t\t\t<div class=\"elementor-column elementor-col-100 elementor-top-column elementor-element elementor-element-b654872\" data-id=\"b654872\" data-element_type=\"column\" data-e-type=\"column\">\n\t\t\t<div class=\"elementor-widget-wrap elementor-element-populated\">\n\t\t\t\t\t\t<div class=\"elementor-element elementor-element-b47f766 elementor-widget elementor-widget-heading\" data-id=\"b47f766\" data-element_type=\"widget\" data-e-type=\"widget\" data-widget_type=\"heading.default\">\n\t\t\t\t<div class=\"elementor-widget-container\">\n\t\t\t\t\t<h2 class=\"elementor-heading-title elementor-size-default\">Experiencias de deportes y aventura para toda la familia<\/h2>\t\t\t\t<\/div>\n\t\t\t\t<\/div>\n\t\t\t\t<section class=\"elementor-section elementor-inner-section elementor-element elementor-element-68abecf hidden-480 elementor-section-boxed elementor-section-height-default elementor-section-height-default\" data-id=\"68abecf\" data-element_type=\"section\" data-e-type=\"section\" data-settings=\"{&quot;background_background&quot;:&quot;classic&quot;}\">\n\t\t\t\t\t\t<div class=\"elementor-container elementor-column-gap-default\">\n\t\t\t\t\t<div class=\"elementor-column elementor-col-100 elementor-inner-column elementor-element elementor-element-2532c3e\" data-id=\"2532c3e\" data-element_type=\"column\" data-e-type=\"column\">\n\t\t\t<div class=\"elementor-widget-wrap elementor-element-populated\">\n\t\t\t\t\t\t<div class=\"elementor-element elementor-element-90cbc3b text-3-col elementor-widget elementor-widget-text-editor\" data-id=\"90cbc3b\" data-element_type=\"widget\" data-e-type=\"widget\" data-widget_type=\"text-editor.default\">\n\t\t\t\t<div class=\"elementor-widget-container\">\n\t\t\t\t\t\t\t\t\t<p>En EbreXperience encontrar\u00e1s experiencias de <strong>deportes y aventura<\/strong> por las Terres de l&#8217;Ebre, propuestas que te llevar\u00e1n a descubrir destinos singulares como los parques naturales del delta del Ebro y Els Ports a trav\u00e9s de rutas a pie, a caballo, en embarcaciones o en globo. Aqu\u00ed te esperan actividades como senderismo, submarinismo, cicloturismo, espeleolog\u00eda, v\u00edas ferratas, cruceros n\u00e1uticos, alquiler de embarcaciones, paseos en kayak, pirag\u00fcismo, excursiones a caballo, guiajes en BTT, vuelos en globo o en paramotor. En las Terres de l&#8217;Ebre tenemos la gran suerte de poder disfrutar del mar, el r\u00edo y la monta\u00f1a. Somos reserva de la biosfera por la riqueza paisaj\u00edstica y la diversidad biol\u00f3gica que albergamos. En poco m\u00e1s de 30 kil\u00f3metros, este territorio pasa del nivel del mar y de los sistemas dunares propios del delta del Ebro a relieves caracter\u00edsticos de 1.500 metros de altitud en el macizo de El Port, todo ello vertebrado por el r\u00edo Ebro y con dos parques naturales.<\/p>\n\t\t\t\t\t\t\t\t<\/div>\n\t\t\t\t<\/div>\n\t\t\t\t\t<\/div>\n\t\t<\/div>\n\t\t\t\t\t<\/div>\n\t\t<\/section>\n\t\t\t\t<section class=\"elementor-section elementor-inner-section elementor-element elementor-element-419f1a7 visible-480 elementor-section-boxed elementor-section-height-default elementor-section-height-default\" data-id=\"419f1a7\" data-element_type=\"section\" data-e-type=\"section\" data-settings=\"{&quot;background_background&quot;:&quot;classic&quot;}\">\n\t\t\t\t\t\t<div class=\"elementor-container elementor-column-gap-default\">\n\t\t\t\t\t<div class=\"elementor-column elementor-col-100 elementor-inner-column elementor-element elementor-element-2fa8594\" data-id=\"2fa8594\" data-element_type=\"column\" data-e-type=\"column\">\n\t\t\t<div class=\"elementor-widget-wrap elementor-element-populated\">\n\t\t\t\t\t\t<div class=\"elementor-element elementor-element-64a6ce1 elementor-widget elementor-widget-text-editor\" data-id=\"64a6ce1\" data-element_type=\"widget\" data-e-type=\"widget\" data-widget_type=\"text-editor.default\">\n\t\t\t\t<div class=\"elementor-widget-container\">\n\t\t\t\t\t\t\t\t\t<p>En EbreXperience encontrar\u00e1s experiencias de <strong>deportes y aventura<\/strong> por las Terres de l&#8217;Ebre, propuestas que te llevar\u00e1n a descubrir destinos singulares como los parques naturales del delta del Ebro y Els Ports a trav\u00e9s de rutas a pie, a caballo, en embarcaciones o en globo.<\/p>\n<p>Aqu\u00ed te esperan actividades como senderismo, submarinismo, cicloturismo, espeleolog\u00eda, v\u00edas ferratas, cruceros n\u00e1uticos, alquiler de embarcaciones, paseos en kayak, pirag\u00fcismo, excursiones a caballo, guiajes en BTT, vuelos en globo o en paramotor.<\/p>\n<p>En las Terres de l&#8217;Ebre tenemos la gran suerte de poder disfrutar del mar, el r\u00edo y la monta\u00f1a. Somos reserva de la biosfera por la riqueza paisaj\u00edstica y la diversidad biol\u00f3gica que albergamos. En poco m\u00e1s de 30 kil\u00f3metros, este territorio pasa del nivel del mar y de los sistemas dunares propios del delta del Ebro a relieves caracter\u00edsticos de 1.500 metros de altitud en el macizo de El Port, todo ello vertebrado por el r\u00edo Ebro y con dos parques naturales.<\/p>\n\t\t\t\t\t\t\t\t<\/div>\n\t\t\t\t<\/div>\n\t\t\t\t\t<\/div>\n\t\t<\/div>\n\t\t\t\t\t<\/div>\n\t\t<\/section>\n\t\t\t\t\t<\/div>\n\t\t<\/div>\n\t\t\t\t\t<\/div>\n\t\t<\/section>\n\t\t\t\t<section class=\"elementor-section elementor-top-section elementor-element elementor-element-b251a47 elementor-section-full_width elementor-section-height-default elementor-section-height-default\" data-id=\"b251a47\" data-element_type=\"section\" data-e-type=\"section\" data-settings=\"{&quot;background_background&quot;:&quot;classic&quot;}\">\n\t\t\t\t\t\t<div class=\"elementor-container elementor-column-gap-default\">\n\t\t\t\t\t<div class=\"elementor-column elementor-col-50 elementor-top-column elementor-element elementor-element-b2ea953 section-130 width-712 width-712-left home__biosfera-content experiencies__escapat-content\" data-id=\"b2ea953\" data-element_type=\"column\" data-e-type=\"column\" data-settings=\"{&quot;background_background&quot;:&quot;classic&quot;}\">\n\t\t\t<div class=\"elementor-widget-wrap elementor-element-populated\">\n\t\t\t\t\t\t<div class=\"elementor-element elementor-element-3dfb7fe elementor-widget elementor-widget-heading\" data-id=\"3dfb7fe\" data-element_type=\"widget\" data-e-type=\"widget\" data-widget_type=\"heading.default\">\n\t\t\t\t<div class=\"elementor-widget-container\">\n\t\t\t\t\t<h2 class=\"elementor-heading-title elementor-size-default\">Disfruta del mar, el r\u00edo y la monta\u00f1a<\/h2>\t\t\t\t<\/div>\n\t\t\t\t<\/div>\n\t\t\t\t<div class=\"elementor-element elementor-element-e3cbcd6 elementor-widget elementor-widget-text-editor\" data-id=\"e3cbcd6\" data-element_type=\"widget\" data-e-type=\"widget\" data-widget_type=\"text-editor.default\">\n\t\t\t\t<div class=\"elementor-widget-container\">\n\t\t\t\t\t\t\t\t\t<p>Si eres m\u00e1s de agua, puedes hacer submarinismo en las cristalinas aguas de L\u2019 Ametlla de Mar, navegar por la bah\u00eda de Els Alfacs y practicar <em>kitesurf<\/em> desde la playa del Trabucador. Si bajas en kayak por el r\u00edo, descubrir\u00e1s lugares casi v\u00edrgenes, que desprenden calma y belleza.<\/p>\n<p>Por monta\u00f1a tienes varios lugares, todos ellos espectaculares, para practicar senderismo, descenso de barrancos y r\u00edos, escalada, rutas en bicicleta y bonitos paseos en familia.<\/p>\n<p>Un entorno \u00fanico para disfrutar de experiencias de deportes y aventura que solo encontrar\u00e1s aqu\u00ed, en el delta del Ebro, como observaci\u00f3n de aves, rutas en bici o a caballo por las playas y dunas o por los campos de arroz infinitos.<\/p>\n<p>Si te atreves, puedes disfrutar del maravilloso espect\u00e1culo de descubrir el paisaje a vista de p\u00e1jaro, haciendo un vuelo en globo o paramotor. La sensaci\u00f3n de libertad est\u00e1 garantizada.<\/p>\n<p>Con las propuestas tur\u00edsticas que te ofrecen las empresas de la zona podr\u00e1s disfrutar del mar, el r\u00edo, la monta\u00f1a y los paisajes de un territorio \u00fanico con actividades de deportes y aventura para realizar en grupo, en solitario, experiencias para empresas y para compartir con los m\u00e1s peque\u00f1os de la casa. \u00bfVamos?<\/p>\n\t\t\t\t\t\t\t\t<\/div>\n\t\t\t\t<\/div>\n\t\t\t\t\t<\/div>\n\t\t<\/div>\n\t\t\t\t<div class=\"elementor-column elementor-col-50 elementor-top-column elementor-element elementor-element-982bb73\" data-id=\"982bb73\" data-element_type=\"column\" data-e-type=\"column\" data-settings=\"{&quot;background_background&quot;:&quot;classic&quot;}\">\n\t\t\t<div class=\"elementor-widget-wrap elementor-element-populated\">\n\t\t\t\t\t\t<div class=\"elementor-element elementor-element-796643c elementor-hidden-desktop elementor-hidden-tablet elementor-widget elementor-widget-image\" data-id=\"796643c\" data-element_type=\"widget\" data-e-type=\"widget\" data-widget_type=\"image.default\">\n\t\t\t\t<div class=\"elementor-widget-container\">\n\t\t\t\t\t\t\t\t\t\t\t\t\t\t\t<img fetchpriority=\"high\" width=\"962\" height=\"1158\" class=\"attachment-full size-full wp-image-10713 lazy\" alt=\"\" data-src=\"https:\/\/ebrexperience.cat\/wp-content\/uploads\/2023\/03\/platja.jpg\" data-lazy=\"https:\/\/ebrexperience.cat\/wp-content\/uploads\/2023\/03\/platja.jpg\" \/>\t\t\t\t\t\t\t\t\t\t\t\t\t\t\t<\/div>\n\t\t\t\t<\/div>\n\t\t\t\t\t<\/div>\n\t\t<\/div>\n\t\t\t\t\t<\/div>\n\t\t<\/section>\n\t\t\t\t<\/div>\n\t\t","protected":false},"excerpt":{"rendered":"<p>Deportes y aventura en las Terres de l&#8217;Ebre Te ofrecemos una gran variedad de experiencias de deportes y aventura en las Terres de l&#8217;Ebre, desde la m\u00e1s emocionante y atrevida hasta la m\u00e1s relajante y enriquecedora. Experiencias de deportes y aventura para toda la familia En EbreXperience encontrar\u00e1s experiencias de deportes y aventura por las &hellip; <\/p>\n","protected":false},"author":1,"featured_media":0,"parent":17941,"menu_order":0,"comment_status":"closed","ping_status":"closed","template":"page-categories.php","meta":{"_acf_changed":false,"footnotes":""},"class_list":["post-17937","page","type-page","status-publish","hentry"],"acf":[],"yoast_head":"<!-- This site is optimized with the Yoast SEO plugin v27.4 - https:\/\/yoast.com\/product\/yoast-seo-wordpress\/ -->\n<title>Deportes y aventura - Ebrexperience<\/title>\n<meta name=\"robots\" content=\"index, follow, max-snippet:-1, max-image-preview:large, max-video-preview:-1\" \/>\n<link rel=\"canonical\" href=\"https:\/\/ebrexperience.cat\/es\/experiencias\/deportes-y-aventura\/\" \/>\n<meta property=\"og:locale\" content=\"es_ES\" \/>\n<meta property=\"og:type\" content=\"article\" \/>\n<meta property=\"og:title\" content=\"Deportes y aventura - Ebrexperience\" \/>\n<meta property=\"og:description\" content=\"Deportes y aventura en las Terres de l&#8217;Ebre Te ofrecemos una gran variedad de experiencias de deportes y aventura en las Terres de l&#8217;Ebre, desde la m\u00e1s emocionante y atrevida hasta la m\u00e1s relajante y enriquecedora. Experiencias de deportes y aventura para toda la familia En EbreXperience encontrar\u00e1s experiencias de deportes y aventura por las &hellip;\" \/>\n<meta property=\"og:url\" content=\"https:\/\/ebrexperience.cat\/es\/experiencias\/deportes-y-aventura\/\" \/>\n<meta property=\"og:site_name\" content=\"Ebrexperience\" \/>\n<meta property=\"article:publisher\" content=\"https:\/\/www.facebook.com\/EbreXperience\/\" \/>\n<meta property=\"article:modified_time\" content=\"2023-06-02T10:04:04+00:00\" \/>\n<meta property=\"og:image\" content=\"https:\/\/ebrexperience.cat\/wp-content\/uploads\/2023\/03\/platja.jpg\" \/>\n<meta name=\"twitter:card\" content=\"summary_large_image\" \/>\n<meta name=\"twitter:site\" content=\"@ebrexperience\" \/>\n<meta name=\"twitter:label1\" content=\"Tiempo de lectura\" \/>\n\t<meta name=\"twitter:data1\" content=\"3 minutos\" \/>\n<script type=\"application\/ld+json\" class=\"yoast-schema-graph\">{\"@context\":\"https:\\\/\\\/schema.org\",\"@graph\":[{\"@type\":\"WebPage\",\"@id\":\"https:\\\/\\\/ebrexperience.cat\\\/es\\\/experiencias\\\/deportes-y-aventura\\\/\",\"url\":\"https:\\\/\\\/ebrexperience.cat\\\/es\\\/experiencias\\\/deportes-y-aventura\\\/\",\"name\":\"Deportes y aventura - Ebrexperience\",\"isPartOf\":{\"@id\":\"https:\\\/\\\/ebrexperience.cat\\\/#website\"},\"primaryImageOfPage\":{\"@id\":\"https:\\\/\\\/ebrexperience.cat\\\/es\\\/experiencias\\\/deportes-y-aventura\\\/#primaryimage\"},\"image\":{\"@id\":\"https:\\\/\\\/ebrexperience.cat\\\/es\\\/experiencias\\\/deportes-y-aventura\\\/#primaryimage\"},\"thumbnailUrl\":\"https:\\\/\\\/ebrexperience.cat\\\/wp-content\\\/uploads\\\/2023\\\/03\\\/platja.jpg\",\"datePublished\":\"2023-03-01T15:01:24+00:00\",\"dateModified\":\"2023-06-02T10:04:04+00:00\",\"breadcrumb\":{\"@id\":\"https:\\\/\\\/ebrexperience.cat\\\/es\\\/experiencias\\\/deportes-y-aventura\\\/#breadcrumb\"},\"inLanguage\":\"es\",\"potentialAction\":[{\"@type\":\"ReadAction\",\"target\":[\"https:\\\/\\\/ebrexperience.cat\\\/es\\\/experiencias\\\/deportes-y-aventura\\\/\"]}]},{\"@type\":\"ImageObject\",\"inLanguage\":\"es\",\"@id\":\"https:\\\/\\\/ebrexperience.cat\\\/es\\\/experiencias\\\/deportes-y-aventura\\\/#primaryimage\",\"url\":\"https:\\\/\\\/ebrexperience.cat\\\/wp-content\\\/uploads\\\/2023\\\/03\\\/platja.jpg\",\"contentUrl\":\"https:\\\/\\\/ebrexperience.cat\\\/wp-content\\\/uploads\\\/2023\\\/03\\\/platja.jpg\"},{\"@type\":\"BreadcrumbList\",\"@id\":\"https:\\\/\\\/ebrexperience.cat\\\/es\\\/experiencias\\\/deportes-y-aventura\\\/#breadcrumb\",\"itemListElement\":[{\"@type\":\"ListItem\",\"position\":1,\"name\":\"Portada\",\"item\":\"https:\\\/\\\/ebrexperience.cat\\\/es\\\/\"},{\"@type\":\"ListItem\",\"position\":2,\"name\":\"Experiencias\",\"item\":\"https:\\\/\\\/ebrexperience.cat\\\/es\\\/experiencias\\\/\"},{\"@type\":\"ListItem\",\"position\":3,\"name\":\"Deportes y aventura\"}]},{\"@type\":\"WebSite\",\"@id\":\"https:\\\/\\\/ebrexperience.cat\\\/#website\",\"url\":\"https:\\\/\\\/ebrexperience.cat\\\/\",\"name\":\"Ebrexperience\",\"description\":\"\",\"publisher\":{\"@id\":\"https:\\\/\\\/ebrexperience.cat\\\/#organization\"},\"potentialAction\":[{\"@type\":\"SearchAction\",\"target\":{\"@type\":\"EntryPoint\",\"urlTemplate\":\"https:\\\/\\\/ebrexperience.cat\\\/?s={search_term_string}\"},\"query-input\":{\"@type\":\"PropertyValueSpecification\",\"valueRequired\":true,\"valueName\":\"search_term_string\"}}],\"inLanguage\":\"es\"},{\"@type\":\"Organization\",\"@id\":\"https:\\\/\\\/ebrexperience.cat\\\/#organization\",\"name\":\"Ebrexperience\",\"url\":\"https:\\\/\\\/ebrexperience.cat\\\/\",\"logo\":{\"@type\":\"ImageObject\",\"inLanguage\":\"es\",\"@id\":\"https:\\\/\\\/ebrexperience.cat\\\/#\\\/schema\\\/logo\\\/image\\\/\",\"url\":\"https:\\\/\\\/ebrexperience.cat\\\/wp-content\\\/uploads\\\/2023\\\/03\\\/logo.png\",\"contentUrl\":\"https:\\\/\\\/ebrexperience.cat\\\/wp-content\\\/uploads\\\/2023\\\/03\\\/logo.png\",\"width\":252,\"height\":45,\"caption\":\"Ebrexperience\"},\"image\":{\"@id\":\"https:\\\/\\\/ebrexperience.cat\\\/#\\\/schema\\\/logo\\\/image\\\/\"},\"sameAs\":[\"https:\\\/\\\/www.facebook.com\\\/EbreXperience\\\/\",\"https:\\\/\\\/x.com\\\/ebrexperience\",\"https:\\\/\\\/www.instagram.com\\\/ebrexperience\\\/\"]}]}<\/script>\n<!-- \/ Yoast SEO plugin. -->","yoast_head_json":{"title":"Deportes y aventura - Ebrexperience","robots":{"index":"index","follow":"follow","max-snippet":"max-snippet:-1","max-image-preview":"max-image-preview:large","max-video-preview":"max-video-preview:-1"},"canonical":"https:\/\/ebrexperience.cat\/es\/experiencias\/deportes-y-aventura\/","og_locale":"es_ES","og_type":"article","og_title":"Deportes y aventura - Ebrexperience","og_description":"Deportes y aventura en las Terres de l&#8217;Ebre Te ofrecemos una gran variedad de experiencias de deportes y aventura en las Terres de l&#8217;Ebre, desde la m\u00e1s emocionante y atrevida hasta la m\u00e1s relajante y enriquecedora. Experiencias de deportes y aventura para toda la familia En EbreXperience encontrar\u00e1s experiencias de deportes y aventura por las &hellip;","og_url":"https:\/\/ebrexperience.cat\/es\/experiencias\/deportes-y-aventura\/","og_site_name":"Ebrexperience","article_publisher":"https:\/\/www.facebook.com\/EbreXperience\/","article_modified_time":"2023-06-02T10:04:04+00:00","og_image":[{"url":"https:\/\/ebrexperience.cat\/wp-content\/uploads\/2023\/03\/platja.jpg","type":"","width":"","height":""}],"twitter_card":"summary_large_image","twitter_site":"@ebrexperience","twitter_misc":{"Tiempo de lectura":"3 minutos"},"schema":{"@context":"https:\/\/schema.org","@graph":[{"@type":"WebPage","@id":"https:\/\/ebrexperience.cat\/es\/experiencias\/deportes-y-aventura\/","url":"https:\/\/ebrexperience.cat\/es\/experiencias\/deportes-y-aventura\/","name":"Deportes y aventura - Ebrexperience","isPartOf":{"@id":"https:\/\/ebrexperience.cat\/#website"},"primaryImageOfPage":{"@id":"https:\/\/ebrexperience.cat\/es\/experiencias\/deportes-y-aventura\/#primaryimage"},"image":{"@id":"https:\/\/ebrexperience.cat\/es\/experiencias\/deportes-y-aventura\/#primaryimage"},"thumbnailUrl":"https:\/\/ebrexperience.cat\/wp-content\/uploads\/2023\/03\/platja.jpg","datePublished":"2023-03-01T15:01:24+00:00","dateModified":"2023-06-02T10:04:04+00:00","breadcrumb":{"@id":"https:\/\/ebrexperience.cat\/es\/experiencias\/deportes-y-aventura\/#breadcrumb"},"inLanguage":"es","potentialAction":[{"@type":"ReadAction","target":["https:\/\/ebrexperience.cat\/es\/experiencias\/deportes-y-aventura\/"]}]},{"@type":"ImageObject","inLanguage":"es","@id":"https:\/\/ebrexperience.cat\/es\/experiencias\/deportes-y-aventura\/#primaryimage","url":"https:\/\/ebrexperience.cat\/wp-content\/uploads\/2023\/03\/platja.jpg","contentUrl":"https:\/\/ebrexperience.cat\/wp-content\/uploads\/2023\/03\/platja.jpg"},{"@type":"BreadcrumbList","@id":"https:\/\/ebrexperience.cat\/es\/experiencias\/deportes-y-aventura\/#breadcrumb","itemListElement":[{"@type":"ListItem","position":1,"name":"Portada","item":"https:\/\/ebrexperience.cat\/es\/"},{"@type":"ListItem","position":2,"name":"Experiencias","item":"https:\/\/ebrexperience.cat\/es\/experiencias\/"},{"@type":"ListItem","position":3,"name":"Deportes y aventura"}]},{"@type":"WebSite","@id":"https:\/\/ebrexperience.cat\/#website","url":"https:\/\/ebrexperience.cat\/","name":"Ebrexperience","description":"","publisher":{"@id":"https:\/\/ebrexperience.cat\/#organization"},"potentialAction":[{"@type":"SearchAction","target":{"@type":"EntryPoint","urlTemplate":"https:\/\/ebrexperience.cat\/?s={search_term_string}"},"query-input":{"@type":"PropertyValueSpecification","valueRequired":true,"valueName":"search_term_string"}}],"inLanguage":"es"},{"@type":"Organization","@id":"https:\/\/ebrexperience.cat\/#organization","name":"Ebrexperience","url":"https:\/\/ebrexperience.cat\/","logo":{"@type":"ImageObject","inLanguage":"es","@id":"https:\/\/ebrexperience.cat\/#\/schema\/logo\/image\/","url":"https:\/\/ebrexperience.cat\/wp-content\/uploads\/2023\/03\/logo.png","contentUrl":"https:\/\/ebrexperience.cat\/wp-content\/uploads\/2023\/03\/logo.png","width":252,"height":45,"caption":"Ebrexperience"},"image":{"@id":"https:\/\/ebrexperience.cat\/#\/schema\/logo\/image\/"},"sameAs":["https:\/\/www.facebook.com\/EbreXperience\/","https:\/\/x.com\/ebrexperience","https:\/\/www.instagram.com\/ebrexperience\/"]}]}},"_links":{"self":[{"href":"https:\/\/ebrexperience.cat\/es\/wp-json\/wp\/v2\/pages\/17937","targetHints":{"allow":["GET"]}}],"collection":[{"href":"https:\/\/ebrexperience.cat\/es\/wp-json\/wp\/v2\/pages"}],"about":[{"href":"https:\/\/ebrexperience.cat\/es\/wp-json\/wp\/v2\/types\/page"}],"author":[{"embeddable":true,"href":"https:\/\/ebrexperience.cat\/es\/wp-json\/wp\/v2\/users\/1"}],"replies":[{"embeddable":true,"href":"https:\/\/ebrexperience.cat\/es\/wp-json\/wp\/v2\/comments?post=17937"}],"version-history":[{"count":1,"href":"https:\/\/ebrexperience.cat\/es\/wp-json\/wp\/v2\/pages\/17937\/revisions"}],"predecessor-version":[{"id":17938,"href":"https:\/\/ebrexperience.cat\/es\/wp-json\/wp\/v2\/pages\/17937\/revisions\/17938"}],"up":[{"embeddable":true,"href":"https:\/\/ebrexperience.cat\/es\/wp-json\/wp\/v2\/pages\/17941"}],"wp:attachment":[{"href":"https:\/\/ebrexperience.cat\/es\/wp-json\/wp\/v2\/media?parent=17937"}],"curies":[{"name":"wp","href":"https:\/\/api.w.org\/{rel}","templated":true}]}}