{"id":17933,"date":"2023-03-23T08:07:08","date_gmt":"2023-03-23T07:07:08","guid":{"rendered":"https:\/\/globals.app\/ebrexperience\/naturaleza-y-paisaje\/"},"modified":"2023-06-02T11:06:05","modified_gmt":"2023-06-02T09:06:05","slug":"naturaleza-y-paisaje","status":"publish","type":"page","link":"https:\/\/ebrexperience.cat\/es\/experiencias\/naturaleza-y-paisaje\/","title":{"rendered":"Naturaleza y paisaje"},"content":{"rendered":"\t\t<div data-elementor-type=\"wp-page\" data-elementor-id=\"17933\" class=\"elementor elementor-17933 elementor-10108\">\n\t\t\t\t\t\t<section class=\"elementor-section elementor-top-section elementor-element elementor-element-4b31e5f section-130 categoria__section-title elementor-section-content-middle elementor-section-boxed elementor-section-height-default elementor-section-height-default\" data-id=\"4b31e5f\" data-element_type=\"section\" data-e-type=\"section\">\n\t\t\t\t\t\t<div class=\"elementor-container elementor-column-gap-default\">\n\t\t\t\t\t<div class=\"elementor-column elementor-col-50 elementor-top-column elementor-element elementor-element-463e799\" data-id=\"463e799\" data-element_type=\"column\" data-e-type=\"column\">\n\t\t\t<div class=\"elementor-widget-wrap elementor-element-populated\">\n\t\t\t\t\t\t<div class=\"elementor-element elementor-element-f078784 elementor-widget__width-initial elementor-widget elementor-widget-text-editor\" data-id=\"f078784\" data-element_type=\"widget\" data-e-type=\"widget\" data-widget_type=\"text-editor.default\">\n\t\t\t\t<div class=\"elementor-widget-container\">\n\t\t\t\t\t\t\t\t\t<h1 class=\"h2\">Naturaleza y paisaje en las Terres de l&#8217;Ebre<\/h1>\n\t\t\t\t\t\t\t\t<\/div>\n\t\t\t\t<\/div>\n\t\t\t\t\t<\/div>\n\t\t<\/div>\n\t\t\t\t<div class=\"elementor-column elementor-col-50 elementor-top-column elementor-element elementor-element-e1af06b\" data-id=\"e1af06b\" data-element_type=\"column\" data-e-type=\"column\">\n\t\t\t<div class=\"elementor-widget-wrap elementor-element-populated\">\n\t\t\t\t\t\t<div class=\"elementor-element elementor-element-0f2a9eb elementor-widget elementor-widget-text-editor\" data-id=\"0f2a9eb\" data-element_type=\"widget\" data-e-type=\"widget\" data-widget_type=\"text-editor.default\">\n\t\t\t\t<div class=\"elementor-widget-container\">\n\t\t\t\t\t\t\t\t\t<p>Aqu\u00ed encontrar\u00e1s experiencias de <strong>naturaleza y paisaje<\/strong> como excursiones, rutas y actividades para conocer las diferentes especies de flora y fauna que habitan en las Terres de l&#8217;Ebre, desde <i>birdwatching <\/i>a saberes relacionados con el campo, el r\u00edo, la pesca y el territorio.<\/p>\n\t\t\t\t\t\t\t\t<\/div>\n\t\t\t\t<\/div>\n\t\t\t\t\t<\/div>\n\t\t<\/div>\n\t\t\t\t\t<\/div>\n\t\t<\/section>\n\t\t\t\t<section class=\"elementor-section elementor-top-section elementor-element elementor-element-6506933 elementor-section-full_width elementor-section-height-default elementor-section-height-default\" data-id=\"6506933\" data-element_type=\"section\" data-e-type=\"section\" data-settings=\"{&quot;background_background&quot;:&quot;classic&quot;}\">\n\t\t\t\t\t\t<div class=\"elementor-container elementor-column-gap-default\">\n\t\t\t\t\t<div class=\"elementor-column elementor-col-50 elementor-top-column elementor-element elementor-element-ba7f32f section-130 width-712 width-712-left home__biosfera-content experiencies__escapat-content\" data-id=\"ba7f32f\" data-element_type=\"column\" data-e-type=\"column\" data-settings=\"{&quot;background_background&quot;:&quot;classic&quot;}\">\n\t\t\t<div class=\"elementor-widget-wrap elementor-element-populated\">\n\t\t\t\t\t\t<div class=\"elementor-element elementor-element-352eacf elementor-widget elementor-widget-heading\" data-id=\"352eacf\" data-element_type=\"widget\" data-e-type=\"widget\" data-widget_type=\"heading.default\">\n\t\t\t\t<div class=\"elementor-widget-container\">\n\t\t\t\t\t<h2 class=\"elementor-heading-title elementor-size-default\">Experiencias de naturaleza y paisaje en las Terres de l'Ebre<\/h2>\t\t\t\t<\/div>\n\t\t\t\t<\/div>\n\t\t\t\t<div class=\"elementor-element elementor-element-12fe2be elementor-widget elementor-widget-text-editor\" data-id=\"12fe2be\" data-element_type=\"widget\" data-e-type=\"widget\" data-widget_type=\"text-editor.default\">\n\t\t\t\t<div class=\"elementor-widget-container\">\n\t\t\t\t\t\t\t\t\t<p>En EbreXperience podr\u00e1s disfrutar de experiencias de <strong>naturaleza y paisaje<\/strong> en las Terres de l&#8217;Ebre, propuestas que ayudan a contactar y relacionarse con el entorno natural de este excepcional territorio declarado Reserva de la Biosfera.<\/p>\n<p>En poco m\u00e1s de 30 kil\u00f3metros, el territorio pasa del nivel del mar y de los sistemas dunares propios del delta del Ebro a paisajes caracter\u00edsticos de 1.500 metros de altitud en el macizo de El Port. En este sentido, por si fuera poco, debemos sumar la presencia del r\u00edo Ebro, que vertebra su paisaje, la econom\u00eda y la identidad cultural.<\/p>\n<p>El delta del Ebro constituye uno de los humedales m\u00e1s importantes del Mediterr\u00e1neo, donde se citan m\u00e1s de 360 especies de aves y 50 peces. Destacan el flamenco, la gaviota de audouin y el calam\u00f3n com\u00fan. A pesar de su vulnerabilidad, las lagunas, bah\u00edas, playas y sistemas dunares se encuentran en buen estado de conservaci\u00f3n, conformando paisajes de gran belleza.<\/p>\n\t\t\t\t\t\t\t\t<\/div>\n\t\t\t\t<\/div>\n\t\t\t\t\t<\/div>\n\t\t<\/div>\n\t\t\t\t<div class=\"elementor-column elementor-col-50 elementor-top-column elementor-element elementor-element-5809b0a\" data-id=\"5809b0a\" data-element_type=\"column\" data-e-type=\"column\" data-settings=\"{&quot;background_background&quot;:&quot;classic&quot;}\">\n\t\t\t<div class=\"elementor-widget-wrap elementor-element-populated\">\n\t\t\t\t\t\t<div class=\"elementor-element elementor-element-4178dfb elementor-hidden-desktop elementor-hidden-tablet elementor-widget elementor-widget-image\" data-id=\"4178dfb\" data-element_type=\"widget\" data-e-type=\"widget\" data-widget_type=\"image.default\">\n\t\t\t\t<div class=\"elementor-widget-container\">\n\t\t\t\t\t\t\t\t\t\t\t\t\t\t\t<img fetchpriority=\"high\" width=\"960\" height=\"1020\" class=\"attachment-full size-full wp-image-11214 lazy\" alt=\"\" data-src=\"https:\/\/ebrexperience.cat\/wp-content\/uploads\/2023\/03\/natura-1.png\" data-lazy=\"https:\/\/ebrexperience.cat\/wp-content\/uploads\/2023\/03\/natura-1.png\" \/>\t\t\t\t\t\t\t\t\t\t\t\t\t\t\t<\/div>\n\t\t\t\t<\/div>\n\t\t\t\t\t<\/div>\n\t\t<\/div>\n\t\t\t\t\t<\/div>\n\t\t<\/section>\n\t\t\t\t<section class=\"elementor-section elementor-top-section elementor-element elementor-element-6f55caf experiencies__section-lat-color-right elementor-section-content-middle elementor-reverse-mobile elementor-section-full_width elementor-section-height-default elementor-section-height-default\" data-id=\"6f55caf\" data-element_type=\"section\" data-e-type=\"section\" data-settings=\"{&quot;background_background&quot;:&quot;classic&quot;}\">\n\t\t\t\t\t\t<div class=\"elementor-container elementor-column-gap-default\">\n\t\t\t\t\t<div class=\"elementor-column elementor-col-50 elementor-top-column elementor-element elementor-element-06ba83c\" data-id=\"06ba83c\" data-element_type=\"column\" data-e-type=\"column\" data-settings=\"{&quot;background_background&quot;:&quot;classic&quot;}\">\n\t\t\t<div class=\"elementor-widget-wrap elementor-element-populated\">\n\t\t\t\t\t\t<div class=\"elementor-element elementor-element-1605e84 elementor-hidden-desktop elementor-hidden-tablet elementor-widget elementor-widget-image\" data-id=\"1605e84\" data-element_type=\"widget\" data-e-type=\"widget\" data-widget_type=\"image.default\">\n\t\t\t\t<div class=\"elementor-widget-container\">\n\t\t\t\t\t\t\t\t\t\t\t\t\t\t\t<img width=\"960\" height=\"1010\" class=\"attachment-full size-full wp-image-11216 lazy\" alt=\"\" data-src=\"https:\/\/ebrexperience.cat\/wp-content\/uploads\/2023\/03\/natura-2.jpg\" data-lazy=\"https:\/\/ebrexperience.cat\/wp-content\/uploads\/2023\/03\/natura-2.jpg\" \/>\t\t\t\t\t\t\t\t\t\t\t\t\t\t\t<\/div>\n\t\t\t\t<\/div>\n\t\t\t\t\t<\/div>\n\t\t<\/div>\n\t\t\t\t<div class=\"elementor-column elementor-col-50 elementor-top-column elementor-element elementor-element-f203e7b\" data-id=\"f203e7b\" data-element_type=\"column\" data-e-type=\"column\" data-settings=\"{&quot;background_background&quot;:&quot;classic&quot;}\">\n\t\t\t<div class=\"elementor-widget-wrap elementor-element-populated\">\n\t\t\t\t\t\t<section class=\"elementor-section elementor-inner-section elementor-element elementor-element-b81ed48 elementor-section-full_width elementor-section-height-default elementor-section-height-default\" data-id=\"b81ed48\" data-element_type=\"section\" data-e-type=\"section\">\n\t\t\t\t\t\t<div class=\"elementor-container elementor-column-gap-default\">\n\t\t\t\t\t<div class=\"elementor-column elementor-col-50 elementor-inner-column elementor-element elementor-element-603badf width-712 section-130\" data-id=\"603badf\" data-element_type=\"column\" data-e-type=\"column\">\n\t\t\t<div class=\"elementor-widget-wrap elementor-element-populated\">\n\t\t\t\t\t\t<div class=\"elementor-element elementor-element-65b3509 elementor-widget elementor-widget-heading\" data-id=\"65b3509\" data-element_type=\"widget\" data-e-type=\"widget\" data-widget_type=\"heading.default\">\n\t\t\t\t<div class=\"elementor-widget-container\">\n\t\t\t\t\t<h2 class=\"elementor-heading-title elementor-size-default\">Un entorno id\u00edlico<\/h2>\t\t\t\t<\/div>\n\t\t\t\t<\/div>\n\t\t\t\t<div class=\"elementor-element elementor-element-ff584e5 elementor-widget elementor-widget-text-editor\" data-id=\"ff584e5\" data-element_type=\"widget\" data-e-type=\"widget\" data-widget_type=\"text-editor.default\">\n\t\t\t\t<div class=\"elementor-widget-container\">\n\t\t\t\t\t\t\t\t\t<p>En este entorno id\u00edlico podr\u00e1s realizar observaci\u00f3n de p\u00e1jaros (<em>birdwatching<\/em>), rutas en bicicleta para aprender sobre el entorno o visitar cualquiera de los centros de interpretaci\u00f3n. Puedes vivir experiencias como entrar en un campo de arroz y descubrir c\u00f3mo se cultivaba antiguamente. Aprender sobre el anillado de aves y su proceso migratorio, perchar en una barquita dentro de una laguna o aprender sobre artes de pesca manuales, entre otros saberes.<\/p>\n<p>En el macizo de El Port abunda la cabra hisp\u00e1nica y existen poblaciones estables de especies emblem\u00e1ticas de la fauna ib\u00e9rica. Encontramos encinares mediterr\u00e1neos con bosques caracter\u00edsticos de zonas septentrionales. Tambi\u00e9n los bosques de haya, el hayedo del Retaule, uno de los m\u00e1s meridionales de Europa. Su continuidad con la cordillera Ib\u00e9rica a trav\u00e9s del Maestrazgo conlleva la presencia de especies raras en el contexto mediterr\u00e1neo.<\/p>\n<p>La sierra de Card\u00f3 conjuga un magn\u00edfico entorno natural con huellas visibles de una espiritualidad hoy perdida. En su entorno destaca la tejeda de Cosp, con tejos monumentales de una gran belleza. Hay una gran variedad de rutas para realizar excursiones a pie, en bicicleta o a caballo.<\/p>\n\t\t\t\t\t\t\t\t<\/div>\n\t\t\t\t<\/div>\n\t\t\t\t\t<\/div>\n\t\t<\/div>\n\t\t\t\t<div class=\"elementor-column elementor-col-50 elementor-inner-column elementor-element elementor-element-4b51044 experiencies__column-fix-right elementor-hidden-mobile\" data-id=\"4b51044\" data-element_type=\"column\" data-e-type=\"column\" data-settings=\"{&quot;background_background&quot;:&quot;classic&quot;}\">\n\t\t\t<div class=\"elementor-widget-wrap\">\n\t\t\t\t\t\t\t<\/div>\n\t\t<\/div>\n\t\t\t\t\t<\/div>\n\t\t<\/section>\n\t\t\t\t\t<\/div>\n\t\t<\/div>\n\t\t\t\t\t<\/div>\n\t\t<\/section>\n\t\t\t\t<section class=\"elementor-section elementor-top-section elementor-element elementor-element-03f3e58 elementor-section-full_width experiencies__section-lat-color-left elementor-section-height-default elementor-section-height-default\" data-id=\"03f3e58\" data-element_type=\"section\" data-e-type=\"section\" data-settings=\"{&quot;background_background&quot;:&quot;classic&quot;}\">\n\t\t\t\t\t\t<div class=\"elementor-container elementor-column-gap-default\">\n\t\t\t\t\t<div class=\"elementor-column elementor-col-50 elementor-top-column elementor-element elementor-element-800306c\" data-id=\"800306c\" data-element_type=\"column\" data-e-type=\"column\">\n\t\t\t<div class=\"elementor-widget-wrap elementor-element-populated\">\n\t\t\t\t\t\t<section class=\"elementor-section elementor-inner-section elementor-element elementor-element-b8cdbd6 elementor-section-boxed elementor-section-height-default elementor-section-height-default\" data-id=\"b8cdbd6\" data-element_type=\"section\" data-e-type=\"section\">\n\t\t\t\t\t\t<div class=\"elementor-container elementor-column-gap-default\">\n\t\t\t\t\t<div class=\"elementor-column elementor-col-50 elementor-inner-column elementor-element elementor-element-9b437d4 experiencies__column-fix-left elementor-hidden-mobile\" data-id=\"9b437d4\" data-element_type=\"column\" data-e-type=\"column\" data-settings=\"{&quot;background_background&quot;:&quot;classic&quot;}\">\n\t\t\t<div class=\"elementor-widget-wrap\">\n\t\t\t\t\t\t\t<\/div>\n\t\t<\/div>\n\t\t\t\t<div class=\"elementor-column elementor-col-50 elementor-inner-column elementor-element elementor-element-52488eb width-712 section-130\" data-id=\"52488eb\" data-element_type=\"column\" data-e-type=\"column\">\n\t\t\t<div class=\"elementor-widget-wrap elementor-element-populated\">\n\t\t\t\t\t\t<div class=\"elementor-element elementor-element-13d501b elementor-widget elementor-widget-heading\" data-id=\"13d501b\" data-element_type=\"widget\" data-e-type=\"widget\" data-widget_type=\"heading.default\">\n\t\t\t\t<div class=\"elementor-widget-container\">\n\t\t\t\t\t<h2 class=\"elementor-heading-title elementor-size-default\">Qu\u00e9 hacer y qu\u00e9 ver en las Terres de l'Ebre<\/h2>\t\t\t\t<\/div>\n\t\t\t\t<\/div>\n\t\t\t\t<div class=\"elementor-element elementor-element-3efe5d1 elementor-widget elementor-widget-text-editor\" data-id=\"3efe5d1\" data-element_type=\"widget\" data-e-type=\"widget\" data-widget_type=\"text-editor.default\">\n\t\t\t\t<div class=\"elementor-widget-container\">\n\t\t\t\t\t\t\t\t\t<p>Con las propuestas que ofrecen las empresas del territorio podr\u00e1s hacer actividad f\u00edsica, reducir el estr\u00e9s, desconectar del trabajo, relajarte, aprender cosas nuevas, compartir tiempo con la familia y los amigos o hacer nuevos en escenarios id\u00f3neos para aprovechar al m\u00e1ximo el tiempo libre y de descanso. Un sitio ideal para vivir experiencias de <strong>naturaleza y paisaje<\/strong>.<\/p>\n<p>Actividades como mindfulness, yoga a\u00e9reo, marcha n\u00f3rdica, paseos a pie, a caballo y en bicicleta por la V\u00eda Verde, safari ecocultural en el delta del Ebro, aula de educaci\u00f3n ambiental en medio de arrozales, visita al Centro de Interpretaci\u00f3n Ap\u00edcola de Miel Muria\u2026<br \/>\n\u00a1Elige la que m\u00e1s te guste!<\/p>\n\t\t\t\t\t\t\t\t<\/div>\n\t\t\t\t<\/div>\n\t\t\t\t\t<\/div>\n\t\t<\/div>\n\t\t\t\t\t<\/div>\n\t\t<\/section>\n\t\t\t\t\t<\/div>\n\t\t<\/div>\n\t\t\t\t<div class=\"elementor-column elementor-col-50 elementor-top-column elementor-element elementor-element-ce6ce9c\" data-id=\"ce6ce9c\" data-element_type=\"column\" data-e-type=\"column\" data-settings=\"{&quot;background_background&quot;:&quot;classic&quot;}\">\n\t\t\t<div class=\"elementor-widget-wrap elementor-element-populated\">\n\t\t\t\t\t\t<div class=\"elementor-element elementor-element-04eaf3b elementor-hidden-desktop elementor-hidden-tablet elementor-widget elementor-widget-image\" data-id=\"04eaf3b\" data-element_type=\"widget\" data-e-type=\"widget\" data-widget_type=\"image.default\">\n\t\t\t\t<div class=\"elementor-widget-container\">\n\t\t\t\t\t\t\t\t\t\t\t\t\t\t\t<img width=\"960\" height=\"736\" class=\"attachment-full size-full wp-image-11218 lazy\" alt=\"\" data-src=\"https:\/\/ebrexperience.cat\/wp-content\/uploads\/2023\/03\/natura-3.jpg\" data-lazy=\"https:\/\/ebrexperience.cat\/wp-content\/uploads\/2023\/03\/natura-3.jpg\" \/>\t\t\t\t\t\t\t\t\t\t\t\t\t\t\t<\/div>\n\t\t\t\t<\/div>\n\t\t\t\t\t<\/div>\n\t\t<\/div>\n\t\t\t\t\t<\/div>\n\t\t<\/section>\n\t\t\t\t<\/div>\n\t\t","protected":false},"excerpt":{"rendered":"<p>Naturaleza y paisaje en las Terres de l&#8217;Ebre Aqu\u00ed encontrar\u00e1s experiencias de naturaleza y paisaje como excursiones, rutas y actividades para conocer las diferentes especies de flora y fauna que habitan en las Terres de l&#8217;Ebre, desde birdwatching a saberes relacionados con el campo, el r\u00edo, la pesca y el territorio. Experiencias de naturaleza y &hellip; <\/p>\n","protected":false},"author":1,"featured_media":0,"parent":17941,"menu_order":0,"comment_status":"closed","ping_status":"closed","template":"page-categories.php","meta":{"_acf_changed":false,"footnotes":""},"class_list":["post-17933","page","type-page","status-publish","hentry"],"acf":[],"yoast_head":"<!-- This site is optimized with the Yoast SEO plugin v27.4 - https:\/\/yoast.com\/product\/yoast-seo-wordpress\/ -->\n<title>Naturaleza y paisaje - Ebrexperience<\/title>\n<meta name=\"robots\" content=\"index, follow, max-snippet:-1, max-image-preview:large, max-video-preview:-1\" \/>\n<link rel=\"canonical\" href=\"https:\/\/ebrexperience.cat\/es\/experiencias\/naturaleza-y-paisaje\/\" \/>\n<meta property=\"og:locale\" content=\"es_ES\" \/>\n<meta property=\"og:type\" content=\"article\" \/>\n<meta property=\"og:title\" content=\"Naturaleza y paisaje - Ebrexperience\" \/>\n<meta property=\"og:description\" content=\"Naturaleza y paisaje en las Terres de l&#8217;Ebre Aqu\u00ed encontrar\u00e1s experiencias de naturaleza y paisaje como excursiones, rutas y actividades para conocer las diferentes especies de flora y fauna que habitan en las Terres de l&#8217;Ebre, desde birdwatching a saberes relacionados con el campo, el r\u00edo, la pesca y el territorio. Experiencias de naturaleza y &hellip;\" \/>\n<meta property=\"og:url\" content=\"https:\/\/ebrexperience.cat\/es\/experiencias\/naturaleza-y-paisaje\/\" \/>\n<meta property=\"og:site_name\" content=\"Ebrexperience\" \/>\n<meta property=\"article:publisher\" content=\"https:\/\/www.facebook.com\/EbreXperience\/\" \/>\n<meta property=\"article:modified_time\" content=\"2023-06-02T09:06:05+00:00\" \/>\n<meta property=\"og:image\" content=\"https:\/\/ebrexperience.cat\/wp-content\/uploads\/2023\/03\/natura-1.png\" \/>\n<meta name=\"twitter:card\" content=\"summary_large_image\" \/>\n<meta name=\"twitter:site\" content=\"@ebrexperience\" \/>\n<meta name=\"twitter:label1\" content=\"Tiempo de lectura\" \/>\n\t<meta name=\"twitter:data1\" content=\"3 minutos\" \/>\n<script type=\"application\/ld+json\" class=\"yoast-schema-graph\">{\"@context\":\"https:\\\/\\\/schema.org\",\"@graph\":[{\"@type\":\"WebPage\",\"@id\":\"https:\\\/\\\/ebrexperience.cat\\\/es\\\/experiencias\\\/naturaleza-y-paisaje\\\/\",\"url\":\"https:\\\/\\\/ebrexperience.cat\\\/es\\\/experiencias\\\/naturaleza-y-paisaje\\\/\",\"name\":\"Naturaleza y paisaje - Ebrexperience\",\"isPartOf\":{\"@id\":\"https:\\\/\\\/ebrexperience.cat\\\/#website\"},\"primaryImageOfPage\":{\"@id\":\"https:\\\/\\\/ebrexperience.cat\\\/es\\\/experiencias\\\/naturaleza-y-paisaje\\\/#primaryimage\"},\"image\":{\"@id\":\"https:\\\/\\\/ebrexperience.cat\\\/es\\\/experiencias\\\/naturaleza-y-paisaje\\\/#primaryimage\"},\"thumbnailUrl\":\"https:\\\/\\\/ebrexperience.cat\\\/wp-content\\\/uploads\\\/2023\\\/03\\\/natura-1.png\",\"datePublished\":\"2023-03-23T07:07:08+00:00\",\"dateModified\":\"2023-06-02T09:06:05+00:00\",\"breadcrumb\":{\"@id\":\"https:\\\/\\\/ebrexperience.cat\\\/es\\\/experiencias\\\/naturaleza-y-paisaje\\\/#breadcrumb\"},\"inLanguage\":\"es\",\"potentialAction\":[{\"@type\":\"ReadAction\",\"target\":[\"https:\\\/\\\/ebrexperience.cat\\\/es\\\/experiencias\\\/naturaleza-y-paisaje\\\/\"]}]},{\"@type\":\"ImageObject\",\"inLanguage\":\"es\",\"@id\":\"https:\\\/\\\/ebrexperience.cat\\\/es\\\/experiencias\\\/naturaleza-y-paisaje\\\/#primaryimage\",\"url\":\"https:\\\/\\\/ebrexperience.cat\\\/wp-content\\\/uploads\\\/2023\\\/03\\\/natura-1.png\",\"contentUrl\":\"https:\\\/\\\/ebrexperience.cat\\\/wp-content\\\/uploads\\\/2023\\\/03\\\/natura-1.png\"},{\"@type\":\"BreadcrumbList\",\"@id\":\"https:\\\/\\\/ebrexperience.cat\\\/es\\\/experiencias\\\/naturaleza-y-paisaje\\\/#breadcrumb\",\"itemListElement\":[{\"@type\":\"ListItem\",\"position\":1,\"name\":\"Portada\",\"item\":\"https:\\\/\\\/ebrexperience.cat\\\/es\\\/\"},{\"@type\":\"ListItem\",\"position\":2,\"name\":\"Experiencias\",\"item\":\"https:\\\/\\\/ebrexperience.cat\\\/es\\\/experiencias\\\/\"},{\"@type\":\"ListItem\",\"position\":3,\"name\":\"Naturaleza y paisaje\"}]},{\"@type\":\"WebSite\",\"@id\":\"https:\\\/\\\/ebrexperience.cat\\\/#website\",\"url\":\"https:\\\/\\\/ebrexperience.cat\\\/\",\"name\":\"Ebrexperience\",\"description\":\"\",\"publisher\":{\"@id\":\"https:\\\/\\\/ebrexperience.cat\\\/#organization\"},\"potentialAction\":[{\"@type\":\"SearchAction\",\"target\":{\"@type\":\"EntryPoint\",\"urlTemplate\":\"https:\\\/\\\/ebrexperience.cat\\\/?s={search_term_string}\"},\"query-input\":{\"@type\":\"PropertyValueSpecification\",\"valueRequired\":true,\"valueName\":\"search_term_string\"}}],\"inLanguage\":\"es\"},{\"@type\":\"Organization\",\"@id\":\"https:\\\/\\\/ebrexperience.cat\\\/#organization\",\"name\":\"Ebrexperience\",\"url\":\"https:\\\/\\\/ebrexperience.cat\\\/\",\"logo\":{\"@type\":\"ImageObject\",\"inLanguage\":\"es\",\"@id\":\"https:\\\/\\\/ebrexperience.cat\\\/#\\\/schema\\\/logo\\\/image\\\/\",\"url\":\"https:\\\/\\\/ebrexperience.cat\\\/wp-content\\\/uploads\\\/2023\\\/03\\\/logo.png\",\"contentUrl\":\"https:\\\/\\\/ebrexperience.cat\\\/wp-content\\\/uploads\\\/2023\\\/03\\\/logo.png\",\"width\":252,\"height\":45,\"caption\":\"Ebrexperience\"},\"image\":{\"@id\":\"https:\\\/\\\/ebrexperience.cat\\\/#\\\/schema\\\/logo\\\/image\\\/\"},\"sameAs\":[\"https:\\\/\\\/www.facebook.com\\\/EbreXperience\\\/\",\"https:\\\/\\\/x.com\\\/ebrexperience\",\"https:\\\/\\\/www.instagram.com\\\/ebrexperience\\\/\"]}]}<\/script>\n<!-- \/ Yoast SEO plugin. -->","yoast_head_json":{"title":"Naturaleza y paisaje - Ebrexperience","robots":{"index":"index","follow":"follow","max-snippet":"max-snippet:-1","max-image-preview":"max-image-preview:large","max-video-preview":"max-video-preview:-1"},"canonical":"https:\/\/ebrexperience.cat\/es\/experiencias\/naturaleza-y-paisaje\/","og_locale":"es_ES","og_type":"article","og_title":"Naturaleza y paisaje - Ebrexperience","og_description":"Naturaleza y paisaje en las Terres de l&#8217;Ebre Aqu\u00ed encontrar\u00e1s experiencias de naturaleza y paisaje como excursiones, rutas y actividades para conocer las diferentes especies de flora y fauna que habitan en las Terres de l&#8217;Ebre, desde birdwatching a saberes relacionados con el campo, el r\u00edo, la pesca y el territorio. Experiencias de naturaleza y &hellip;","og_url":"https:\/\/ebrexperience.cat\/es\/experiencias\/naturaleza-y-paisaje\/","og_site_name":"Ebrexperience","article_publisher":"https:\/\/www.facebook.com\/EbreXperience\/","article_modified_time":"2023-06-02T09:06:05+00:00","og_image":[{"url":"https:\/\/ebrexperience.cat\/wp-content\/uploads\/2023\/03\/natura-1.png","type":"","width":"","height":""}],"twitter_card":"summary_large_image","twitter_site":"@ebrexperience","twitter_misc":{"Tiempo de lectura":"3 minutos"},"schema":{"@context":"https:\/\/schema.org","@graph":[{"@type":"WebPage","@id":"https:\/\/ebrexperience.cat\/es\/experiencias\/naturaleza-y-paisaje\/","url":"https:\/\/ebrexperience.cat\/es\/experiencias\/naturaleza-y-paisaje\/","name":"Naturaleza y paisaje - Ebrexperience","isPartOf":{"@id":"https:\/\/ebrexperience.cat\/#website"},"primaryImageOfPage":{"@id":"https:\/\/ebrexperience.cat\/es\/experiencias\/naturaleza-y-paisaje\/#primaryimage"},"image":{"@id":"https:\/\/ebrexperience.cat\/es\/experiencias\/naturaleza-y-paisaje\/#primaryimage"},"thumbnailUrl":"https:\/\/ebrexperience.cat\/wp-content\/uploads\/2023\/03\/natura-1.png","datePublished":"2023-03-23T07:07:08+00:00","dateModified":"2023-06-02T09:06:05+00:00","breadcrumb":{"@id":"https:\/\/ebrexperience.cat\/es\/experiencias\/naturaleza-y-paisaje\/#breadcrumb"},"inLanguage":"es","potentialAction":[{"@type":"ReadAction","target":["https:\/\/ebrexperience.cat\/es\/experiencias\/naturaleza-y-paisaje\/"]}]},{"@type":"ImageObject","inLanguage":"es","@id":"https:\/\/ebrexperience.cat\/es\/experiencias\/naturaleza-y-paisaje\/#primaryimage","url":"https:\/\/ebrexperience.cat\/wp-content\/uploads\/2023\/03\/natura-1.png","contentUrl":"https:\/\/ebrexperience.cat\/wp-content\/uploads\/2023\/03\/natura-1.png"},{"@type":"BreadcrumbList","@id":"https:\/\/ebrexperience.cat\/es\/experiencias\/naturaleza-y-paisaje\/#breadcrumb","itemListElement":[{"@type":"ListItem","position":1,"name":"Portada","item":"https:\/\/ebrexperience.cat\/es\/"},{"@type":"ListItem","position":2,"name":"Experiencias","item":"https:\/\/ebrexperience.cat\/es\/experiencias\/"},{"@type":"ListItem","position":3,"name":"Naturaleza y paisaje"}]},{"@type":"WebSite","@id":"https:\/\/ebrexperience.cat\/#website","url":"https:\/\/ebrexperience.cat\/","name":"Ebrexperience","description":"","publisher":{"@id":"https:\/\/ebrexperience.cat\/#organization"},"potentialAction":[{"@type":"SearchAction","target":{"@type":"EntryPoint","urlTemplate":"https:\/\/ebrexperience.cat\/?s={search_term_string}"},"query-input":{"@type":"PropertyValueSpecification","valueRequired":true,"valueName":"search_term_string"}}],"inLanguage":"es"},{"@type":"Organization","@id":"https:\/\/ebrexperience.cat\/#organization","name":"Ebrexperience","url":"https:\/\/ebrexperience.cat\/","logo":{"@type":"ImageObject","inLanguage":"es","@id":"https:\/\/ebrexperience.cat\/#\/schema\/logo\/image\/","url":"https:\/\/ebrexperience.cat\/wp-content\/uploads\/2023\/03\/logo.png","contentUrl":"https:\/\/ebrexperience.cat\/wp-content\/uploads\/2023\/03\/logo.png","width":252,"height":45,"caption":"Ebrexperience"},"image":{"@id":"https:\/\/ebrexperience.cat\/#\/schema\/logo\/image\/"},"sameAs":["https:\/\/www.facebook.com\/EbreXperience\/","https:\/\/x.com\/ebrexperience","https:\/\/www.instagram.com\/ebrexperience\/"]}]}},"_links":{"self":[{"href":"https:\/\/ebrexperience.cat\/es\/wp-json\/wp\/v2\/pages\/17933","targetHints":{"allow":["GET"]}}],"collection":[{"href":"https:\/\/ebrexperience.cat\/es\/wp-json\/wp\/v2\/pages"}],"about":[{"href":"https:\/\/ebrexperience.cat\/es\/wp-json\/wp\/v2\/types\/page"}],"author":[{"embeddable":true,"href":"https:\/\/ebrexperience.cat\/es\/wp-json\/wp\/v2\/users\/1"}],"replies":[{"embeddable":true,"href":"https:\/\/ebrexperience.cat\/es\/wp-json\/wp\/v2\/comments?post=17933"}],"version-history":[{"count":1,"href":"https:\/\/ebrexperience.cat\/es\/wp-json\/wp\/v2\/pages\/17933\/revisions"}],"predecessor-version":[{"id":17934,"href":"https:\/\/ebrexperience.cat\/es\/wp-json\/wp\/v2\/pages\/17933\/revisions\/17934"}],"up":[{"embeddable":true,"href":"https:\/\/ebrexperience.cat\/es\/wp-json\/wp\/v2\/pages\/17941"}],"wp:attachment":[{"href":"https:\/\/ebrexperience.cat\/es\/wp-json\/wp\/v2\/media?parent=17933"}],"curies":[{"name":"wp","href":"https:\/\/api.w.org\/{rel}","templated":true}]}}