{"id":17925,"date":"2023-03-23T08:08:27","date_gmt":"2023-03-23T07:08:27","guid":{"rendered":"https:\/\/globals.app\/ebrexperience\/cultura-y-tradiciones\/"},"modified":"2023-06-02T10:25:45","modified_gmt":"2023-06-02T08:25:45","slug":"cultura-y-tradiciones","status":"publish","type":"page","link":"https:\/\/ebrexperience.cat\/es\/experiencias\/cultura-y-tradiciones\/","title":{"rendered":"Cultura y tradiciones"},"content":{"rendered":"\t\t<div data-elementor-type=\"wp-page\" data-elementor-id=\"17925\" class=\"elementor elementor-17925 elementor-10112\">\n\t\t\t\t\t\t<section class=\"elementor-section elementor-top-section elementor-element elementor-element-882dff5 section-130 elementor-section-boxed elementor-section-height-default elementor-section-height-default\" data-id=\"882dff5\" data-element_type=\"section\" data-e-type=\"section\" data-settings=\"{&quot;background_background&quot;:&quot;classic&quot;}\">\n\t\t\t\t\t\t<div class=\"elementor-container elementor-column-gap-default\">\n\t\t\t\t\t<div class=\"elementor-column elementor-col-100 elementor-top-column elementor-element elementor-element-176bec7\" data-id=\"176bec7\" data-element_type=\"column\" data-e-type=\"column\">\n\t\t\t<div class=\"elementor-widget-wrap elementor-element-populated\">\n\t\t\t\t\t\t<div class=\"elementor-element elementor-element-2ee7d36 elementor-widget elementor-widget-heading\" data-id=\"2ee7d36\" data-element_type=\"widget\" data-e-type=\"widget\" data-widget_type=\"heading.default\">\n\t\t\t\t<div class=\"elementor-widget-container\">\n\t\t\t\t\t<h2 class=\"elementor-heading-title elementor-size-default\">Ocio, cultura y tradiciones en las Terres de l'Ebre<\/h2>\t\t\t\t<\/div>\n\t\t\t\t<\/div>\n\t\t\t\t<section class=\"elementor-section elementor-inner-section elementor-element elementor-element-9f43ca6 hidden-480 elementor-section-boxed elementor-section-height-default elementor-section-height-default\" data-id=\"9f43ca6\" data-element_type=\"section\" data-e-type=\"section\" data-settings=\"{&quot;background_background&quot;:&quot;classic&quot;}\">\n\t\t\t\t\t\t<div class=\"elementor-container elementor-column-gap-default\">\n\t\t\t\t\t<div class=\"elementor-column elementor-col-100 elementor-inner-column elementor-element elementor-element-00535b0\" data-id=\"00535b0\" data-element_type=\"column\" data-e-type=\"column\">\n\t\t\t<div class=\"elementor-widget-wrap elementor-element-populated\">\n\t\t\t\t\t\t<div class=\"elementor-element elementor-element-6f9a75e text-3-col elementor-widget elementor-widget-text-editor\" data-id=\"6f9a75e\" data-element_type=\"widget\" data-e-type=\"widget\" data-widget_type=\"text-editor.default\">\n\t\t\t\t<div class=\"elementor-widget-container\">\n\t\t\t\t\t\t\t\t\tEn EbreXperience encontrar\u00e1s experiencias de ocio, cultura y tradiciones en Terres de l&#8217;Ebre, propuestas que os llevar\u00e1n a descubrir costumbres, historias y leyendas de un territorio con un extraordinario patrimonio arqueol\u00f3gico, etnol\u00f3gico, natural, hist\u00f3rico y art\u00edstico. Con las propuestas l\u00fadico-culturales que ofrecen las empresas del territorio podr\u00e9is disfrutar en familia, en pareja o con los amigos de ferias y fiestas singulares, festivales de m\u00fasica, jornadas gastron\u00f3micas o experiencias de enoturismo para toda la familia. Actividades para conocer, respetar y amar las Terres de l&#8217;Ebre tanto como se merecen, como las fiestas del arroz en el delta del Ebro, rutas por los espacios de la Batalla del Ebro, recorridos de naturaleza y saberes, visitas a bodegas y catas de vinos, refugios antia\u00e9reos, el centro Picasso, el Ecomuseo del Parque Natural de Els Ports\u2026<br>\r\n\u00a1Disfruta de la cultura, la naturaleza, el patrimonio y la gastronom\u00eda de un territorio lleno de vivencias para compartir!\t\t\t\t\t\t\t\t<\/div>\n\t\t\t\t<\/div>\n\t\t\t\t\t<\/div>\n\t\t<\/div>\n\t\t\t\t\t<\/div>\n\t\t<\/section>\n\t\t\t\t<section class=\"elementor-section elementor-inner-section elementor-element elementor-element-f4a9664 visible-480 elementor-section-boxed elementor-section-height-default elementor-section-height-default\" data-id=\"f4a9664\" data-element_type=\"section\" data-e-type=\"section\" data-settings=\"{&quot;background_background&quot;:&quot;classic&quot;}\">\n\t\t\t\t\t\t<div class=\"elementor-container elementor-column-gap-default\">\n\t\t\t\t\t<div class=\"elementor-column elementor-col-100 elementor-inner-column elementor-element elementor-element-623ebf5\" data-id=\"623ebf5\" data-element_type=\"column\" data-e-type=\"column\">\n\t\t\t<div class=\"elementor-widget-wrap elementor-element-populated\">\n\t\t\t\t\t\t<div class=\"elementor-element elementor-element-e86584f elementor-widget elementor-widget-text-editor\" data-id=\"e86584f\" data-element_type=\"widget\" data-e-type=\"widget\" data-widget_type=\"text-editor.default\">\n\t\t\t\t<div class=\"elementor-widget-container\">\n\t\t\t\t\t\t\t\t\t<p>En EbreXperience encontrar\u00e1s experiencias de ocio, cultura y tradiciones en Terres de l&#8217;Ebre, propuestas que os llevar\u00e1n a descubrir costumbres, historias y leyendas de un territorio con un extraordinario patrimonio arqueol\u00f3gico, etnol\u00f3gico, natural, hist\u00f3rico y art\u00edstico.<\/p>\n<p>Con las propuestas l\u00fadico-culturales que ofrecen las empresas del territorio podr\u00e9is disfrutar en familia, en pareja o con los amigos de ferias y fiestas singulares, festivales de m\u00fasica, jornadas gastron\u00f3micas o experiencias de enoturismo para toda la familia.<\/p>\n<p>Actividades para conocer, respetar y amar las Terres de l&#8217;Ebre tanto como se merecen, como las fiestas del arroz en el delta del Ebro, rutas por los espacios de la Batalla del Ebro, recorridos de naturaleza y saberes, visitas a bodegas y catas de vinos, refugios antia\u00e9reos, el centro Picasso, el Ecomuseo del Parque Natural de Els Ports\u2026<\/p>\n<p>\u00a1Disfruta de la cultura, la naturaleza, el patrimonio y la gastronom\u00eda de un territorio lleno de vivencias para compartir!<\/p>\n\t\t\t\t\t\t\t\t<\/div>\n\t\t\t\t<\/div>\n\t\t\t\t\t<\/div>\n\t\t<\/div>\n\t\t\t\t\t<\/div>\n\t\t<\/section>\n\t\t\t\t\t<\/div>\n\t\t<\/div>\n\t\t\t\t\t<\/div>\n\t\t<\/section>\n\t\t\t\t<\/div>\n\t\t","protected":false},"excerpt":{"rendered":"<p>Ocio, cultura y tradiciones en las Terres de l&#8217;Ebre En EbreXperience encontrar\u00e1s experiencias de ocio, cultura y tradiciones en Terres de l&#8217;Ebre, propuestas que os llevar\u00e1n a descubrir costumbres, historias y leyendas de un territorio con un extraordinario patrimonio arqueol\u00f3gico, etnol\u00f3gico, natural, hist\u00f3rico y art\u00edstico. Con las propuestas l\u00fadico-culturales que ofrecen las empresas del territorio &hellip; <\/p>\n","protected":false},"author":1,"featured_media":0,"parent":17941,"menu_order":0,"comment_status":"closed","ping_status":"closed","template":"page-categories.php","meta":{"_acf_changed":false,"footnotes":""},"class_list":["post-17925","page","type-page","status-publish","hentry"],"acf":[],"yoast_head":"<!-- This site is optimized with the Yoast SEO plugin v27.4 - https:\/\/yoast.com\/product\/yoast-seo-wordpress\/ -->\n<title>Cultura y tradiciones - Ebrexperience<\/title>\n<meta name=\"robots\" content=\"index, follow, max-snippet:-1, max-image-preview:large, max-video-preview:-1\" \/>\n<link rel=\"canonical\" href=\"https:\/\/ebrexperience.cat\/es\/experiencias\/cultura-y-tradiciones\/\" \/>\n<meta property=\"og:locale\" content=\"es_ES\" \/>\n<meta property=\"og:type\" content=\"article\" \/>\n<meta property=\"og:title\" content=\"Cultura y tradiciones - Ebrexperience\" \/>\n<meta property=\"og:description\" content=\"Ocio, cultura y tradiciones en las Terres de l&#8217;Ebre En EbreXperience encontrar\u00e1s experiencias de ocio, cultura y tradiciones en Terres de l&#8217;Ebre, propuestas que os llevar\u00e1n a descubrir costumbres, historias y leyendas de un territorio con un extraordinario patrimonio arqueol\u00f3gico, etnol\u00f3gico, natural, hist\u00f3rico y art\u00edstico. Con las propuestas l\u00fadico-culturales que ofrecen las empresas del territorio &hellip;\" \/>\n<meta property=\"og:url\" content=\"https:\/\/ebrexperience.cat\/es\/experiencias\/cultura-y-tradiciones\/\" \/>\n<meta property=\"og:site_name\" content=\"Ebrexperience\" \/>\n<meta property=\"article:publisher\" content=\"https:\/\/www.facebook.com\/EbreXperience\/\" \/>\n<meta property=\"article:modified_time\" content=\"2023-06-02T08:25:45+00:00\" \/>\n<meta name=\"twitter:card\" content=\"summary_large_image\" \/>\n<meta name=\"twitter:site\" content=\"@ebrexperience\" \/>\n<meta name=\"twitter:label1\" content=\"Tiempo de lectura\" \/>\n\t<meta name=\"twitter:data1\" content=\"2 minutos\" \/>\n<script type=\"application\/ld+json\" class=\"yoast-schema-graph\">{\"@context\":\"https:\\\/\\\/schema.org\",\"@graph\":[{\"@type\":\"WebPage\",\"@id\":\"https:\\\/\\\/ebrexperience.cat\\\/es\\\/experiencias\\\/cultura-y-tradiciones\\\/\",\"url\":\"https:\\\/\\\/ebrexperience.cat\\\/es\\\/experiencias\\\/cultura-y-tradiciones\\\/\",\"name\":\"Cultura y tradiciones - Ebrexperience\",\"isPartOf\":{\"@id\":\"https:\\\/\\\/ebrexperience.cat\\\/#website\"},\"datePublished\":\"2023-03-23T07:08:27+00:00\",\"dateModified\":\"2023-06-02T08:25:45+00:00\",\"breadcrumb\":{\"@id\":\"https:\\\/\\\/ebrexperience.cat\\\/es\\\/experiencias\\\/cultura-y-tradiciones\\\/#breadcrumb\"},\"inLanguage\":\"es\",\"potentialAction\":[{\"@type\":\"ReadAction\",\"target\":[\"https:\\\/\\\/ebrexperience.cat\\\/es\\\/experiencias\\\/cultura-y-tradiciones\\\/\"]}]},{\"@type\":\"BreadcrumbList\",\"@id\":\"https:\\\/\\\/ebrexperience.cat\\\/es\\\/experiencias\\\/cultura-y-tradiciones\\\/#breadcrumb\",\"itemListElement\":[{\"@type\":\"ListItem\",\"position\":1,\"name\":\"Portada\",\"item\":\"https:\\\/\\\/ebrexperience.cat\\\/es\\\/\"},{\"@type\":\"ListItem\",\"position\":2,\"name\":\"Experiencias\",\"item\":\"https:\\\/\\\/ebrexperience.cat\\\/es\\\/experiencias\\\/\"},{\"@type\":\"ListItem\",\"position\":3,\"name\":\"Cultura y tradiciones\"}]},{\"@type\":\"WebSite\",\"@id\":\"https:\\\/\\\/ebrexperience.cat\\\/#website\",\"url\":\"https:\\\/\\\/ebrexperience.cat\\\/\",\"name\":\"Ebrexperience\",\"description\":\"\",\"publisher\":{\"@id\":\"https:\\\/\\\/ebrexperience.cat\\\/#organization\"},\"potentialAction\":[{\"@type\":\"SearchAction\",\"target\":{\"@type\":\"EntryPoint\",\"urlTemplate\":\"https:\\\/\\\/ebrexperience.cat\\\/?s={search_term_string}\"},\"query-input\":{\"@type\":\"PropertyValueSpecification\",\"valueRequired\":true,\"valueName\":\"search_term_string\"}}],\"inLanguage\":\"es\"},{\"@type\":\"Organization\",\"@id\":\"https:\\\/\\\/ebrexperience.cat\\\/#organization\",\"name\":\"Ebrexperience\",\"url\":\"https:\\\/\\\/ebrexperience.cat\\\/\",\"logo\":{\"@type\":\"ImageObject\",\"inLanguage\":\"es\",\"@id\":\"https:\\\/\\\/ebrexperience.cat\\\/#\\\/schema\\\/logo\\\/image\\\/\",\"url\":\"https:\\\/\\\/ebrexperience.cat\\\/wp-content\\\/uploads\\\/2023\\\/03\\\/logo.png\",\"contentUrl\":\"https:\\\/\\\/ebrexperience.cat\\\/wp-content\\\/uploads\\\/2023\\\/03\\\/logo.png\",\"width\":252,\"height\":45,\"caption\":\"Ebrexperience\"},\"image\":{\"@id\":\"https:\\\/\\\/ebrexperience.cat\\\/#\\\/schema\\\/logo\\\/image\\\/\"},\"sameAs\":[\"https:\\\/\\\/www.facebook.com\\\/EbreXperience\\\/\",\"https:\\\/\\\/x.com\\\/ebrexperience\",\"https:\\\/\\\/www.instagram.com\\\/ebrexperience\\\/\"]}]}<\/script>\n<!-- \/ Yoast SEO plugin. -->","yoast_head_json":{"title":"Cultura y tradiciones - Ebrexperience","robots":{"index":"index","follow":"follow","max-snippet":"max-snippet:-1","max-image-preview":"max-image-preview:large","max-video-preview":"max-video-preview:-1"},"canonical":"https:\/\/ebrexperience.cat\/es\/experiencias\/cultura-y-tradiciones\/","og_locale":"es_ES","og_type":"article","og_title":"Cultura y tradiciones - Ebrexperience","og_description":"Ocio, cultura y tradiciones en las Terres de l&#8217;Ebre En EbreXperience encontrar\u00e1s experiencias de ocio, cultura y tradiciones en Terres de l&#8217;Ebre, propuestas que os llevar\u00e1n a descubrir costumbres, historias y leyendas de un territorio con un extraordinario patrimonio arqueol\u00f3gico, etnol\u00f3gico, natural, hist\u00f3rico y art\u00edstico. Con las propuestas l\u00fadico-culturales que ofrecen las empresas del territorio &hellip;","og_url":"https:\/\/ebrexperience.cat\/es\/experiencias\/cultura-y-tradiciones\/","og_site_name":"Ebrexperience","article_publisher":"https:\/\/www.facebook.com\/EbreXperience\/","article_modified_time":"2023-06-02T08:25:45+00:00","twitter_card":"summary_large_image","twitter_site":"@ebrexperience","twitter_misc":{"Tiempo de lectura":"2 minutos"},"schema":{"@context":"https:\/\/schema.org","@graph":[{"@type":"WebPage","@id":"https:\/\/ebrexperience.cat\/es\/experiencias\/cultura-y-tradiciones\/","url":"https:\/\/ebrexperience.cat\/es\/experiencias\/cultura-y-tradiciones\/","name":"Cultura y tradiciones - Ebrexperience","isPartOf":{"@id":"https:\/\/ebrexperience.cat\/#website"},"datePublished":"2023-03-23T07:08:27+00:00","dateModified":"2023-06-02T08:25:45+00:00","breadcrumb":{"@id":"https:\/\/ebrexperience.cat\/es\/experiencias\/cultura-y-tradiciones\/#breadcrumb"},"inLanguage":"es","potentialAction":[{"@type":"ReadAction","target":["https:\/\/ebrexperience.cat\/es\/experiencias\/cultura-y-tradiciones\/"]}]},{"@type":"BreadcrumbList","@id":"https:\/\/ebrexperience.cat\/es\/experiencias\/cultura-y-tradiciones\/#breadcrumb","itemListElement":[{"@type":"ListItem","position":1,"name":"Portada","item":"https:\/\/ebrexperience.cat\/es\/"},{"@type":"ListItem","position":2,"name":"Experiencias","item":"https:\/\/ebrexperience.cat\/es\/experiencias\/"},{"@type":"ListItem","position":3,"name":"Cultura y tradiciones"}]},{"@type":"WebSite","@id":"https:\/\/ebrexperience.cat\/#website","url":"https:\/\/ebrexperience.cat\/","name":"Ebrexperience","description":"","publisher":{"@id":"https:\/\/ebrexperience.cat\/#organization"},"potentialAction":[{"@type":"SearchAction","target":{"@type":"EntryPoint","urlTemplate":"https:\/\/ebrexperience.cat\/?s={search_term_string}"},"query-input":{"@type":"PropertyValueSpecification","valueRequired":true,"valueName":"search_term_string"}}],"inLanguage":"es"},{"@type":"Organization","@id":"https:\/\/ebrexperience.cat\/#organization","name":"Ebrexperience","url":"https:\/\/ebrexperience.cat\/","logo":{"@type":"ImageObject","inLanguage":"es","@id":"https:\/\/ebrexperience.cat\/#\/schema\/logo\/image\/","url":"https:\/\/ebrexperience.cat\/wp-content\/uploads\/2023\/03\/logo.png","contentUrl":"https:\/\/ebrexperience.cat\/wp-content\/uploads\/2023\/03\/logo.png","width":252,"height":45,"caption":"Ebrexperience"},"image":{"@id":"https:\/\/ebrexperience.cat\/#\/schema\/logo\/image\/"},"sameAs":["https:\/\/www.facebook.com\/EbreXperience\/","https:\/\/x.com\/ebrexperience","https:\/\/www.instagram.com\/ebrexperience\/"]}]}},"_links":{"self":[{"href":"https:\/\/ebrexperience.cat\/es\/wp-json\/wp\/v2\/pages\/17925","targetHints":{"allow":["GET"]}}],"collection":[{"href":"https:\/\/ebrexperience.cat\/es\/wp-json\/wp\/v2\/pages"}],"about":[{"href":"https:\/\/ebrexperience.cat\/es\/wp-json\/wp\/v2\/types\/page"}],"author":[{"embeddable":true,"href":"https:\/\/ebrexperience.cat\/es\/wp-json\/wp\/v2\/users\/1"}],"replies":[{"embeddable":true,"href":"https:\/\/ebrexperience.cat\/es\/wp-json\/wp\/v2\/comments?post=17925"}],"version-history":[{"count":3,"href":"https:\/\/ebrexperience.cat\/es\/wp-json\/wp\/v2\/pages\/17925\/revisions"}],"predecessor-version":[{"id":17929,"href":"https:\/\/ebrexperience.cat\/es\/wp-json\/wp\/v2\/pages\/17925\/revisions\/17929"}],"up":[{"embeddable":true,"href":"https:\/\/ebrexperience.cat\/es\/wp-json\/wp\/v2\/pages\/17941"}],"wp:attachment":[{"href":"https:\/\/ebrexperience.cat\/es\/wp-json\/wp\/v2\/media?parent=17925"}],"curies":[{"name":"wp","href":"https:\/\/api.w.org\/{rel}","templated":true}]}}