{"id":17907,"date":"2023-04-18T17:28:42","date_gmt":"2023-04-18T15:28:42","guid":{"rendered":"https:\/\/globals.app\/ebrexperience\/verd-i-blau\/"},"modified":"2023-06-02T09:04:54","modified_gmt":"2023-06-02T07:04:54","slug":"verd-i-blau","status":"publish","type":"page","link":"https:\/\/ebrexperience.cat\/es\/canal-exp\/verd-i-blau\/","title":{"rendered":"Verd i blau"},"content":{"rendered":"\t\t<div data-elementor-type=\"wp-page\" data-elementor-id=\"17907\" class=\"elementor elementor-17907 elementor-11676\">\n\t\t\t\t\t\t<section class=\"elementor-section elementor-top-section elementor-element elementor-element-4fb24ea elementor-section-boxed elementor-section-height-default elementor-section-height-default\" data-id=\"4fb24ea\" data-element_type=\"section\" data-e-type=\"section\">\n\t\t\t\t\t\t<div class=\"elementor-container elementor-column-gap-default\">\n\t\t\t\t\t<div class=\"elementor-column elementor-col-100 elementor-top-column elementor-element elementor-element-c72d92d\" data-id=\"c72d92d\" data-element_type=\"column\" data-e-type=\"column\">\n\t\t\t<div class=\"elementor-widget-wrap elementor-element-populated\">\n\t\t\t\t\t\t<div class=\"elementor-element elementor-element-ec88156 elementor-widget elementor-widget-image\" data-id=\"ec88156\" data-element_type=\"widget\" data-e-type=\"widget\" data-widget_type=\"image.default\">\n\t\t\t\t<div class=\"elementor-widget-container\">\n\t\t\t\t\t\t\t\t\t\t\t\t\t\t\t<img fetchpriority=\"high\" width=\"500\" height=\"500\" class=\"attachment-full size-full wp-image-11562 lazy\" alt=\"\" data-src=\"https:\/\/ebrexperience.cat\/wp-content\/uploads\/2023\/04\/verd-blau.png\" data-lazy=\"https:\/\/ebrexperience.cat\/wp-content\/uploads\/2023\/04\/verd-blau.png\" \/>\t\t\t\t\t\t\t\t\t\t\t\t\t\t\t<\/div>\n\t\t\t\t<\/div>\n\t\t\t\t\t<\/div>\n\t\t<\/div>\n\t\t\t\t\t<\/div>\n\t\t<\/section>\n\t\t\t\t<section class=\"elementor-section elementor-top-section elementor-element elementor-element-53c4033 section-130 elementor-section-boxed elementor-section-height-default elementor-section-height-default\" data-id=\"53c4033\" data-element_type=\"section\" data-e-type=\"section\" data-settings=\"{&quot;background_background&quot;:&quot;classic&quot;}\">\n\t\t\t\t\t\t<div class=\"elementor-container elementor-column-gap-default\">\n\t\t\t\t\t<div class=\"elementor-column elementor-col-100 elementor-top-column elementor-element elementor-element-c7f5fa7\" data-id=\"c7f5fa7\" data-element_type=\"column\" data-e-type=\"column\">\n\t\t\t<div class=\"elementor-widget-wrap elementor-element-populated\">\n\t\t\t\t\t\t<div class=\"elementor-element elementor-element-59428f9 elementor-widget elementor-widget-text-editor\" data-id=\"59428f9\" data-element_type=\"widget\" data-e-type=\"widget\" data-widget_type=\"text-editor.default\">\n\t\t\t\t<div class=\"elementor-widget-container\">\n\t\t\t\t\t\t\t\t\t<h1 class=\"h2\">Verd i blau<\/h1>\n\t\t\t\t\t\t\t\t<\/div>\n\t\t\t\t<\/div>\n\t\t\t\t<section class=\"elementor-section elementor-inner-section elementor-element elementor-element-c89754a elementor-section-boxed elementor-section-height-default elementor-section-height-default\" data-id=\"c89754a\" data-element_type=\"section\" data-e-type=\"section\" data-settings=\"{&quot;background_background&quot;:&quot;classic&quot;}\">\n\t\t\t\t\t\t<div class=\"elementor-container elementor-column-gap-default\">\n\t\t\t\t\t<div class=\"elementor-column elementor-col-100 elementor-inner-column elementor-element elementor-element-9e03901\" data-id=\"9e03901\" data-element_type=\"column\" data-e-type=\"column\">\n\t\t\t<div class=\"elementor-widget-wrap elementor-element-populated\">\n\t\t\t\t\t\t<div class=\"elementor-element elementor-element-853e87a text-3-col elementor-widget elementor-widget-text-editor\" data-id=\"853e87a\" data-element_type=\"widget\" data-e-type=\"widget\" data-widget_type=\"text-editor.default\">\n\t\t\t\t<div class=\"elementor-widget-container\">\n\t\t\t\t\t\t\t\t\t<p>El espacio <em>Verd i blau<\/em> est\u00e1 conducido por Blanca Garcia, enamorada de las Terres de l&#8217;Ebre, incansable buscadora de rincones y personas especiales. Con ella descubriremos por mar, cielo y tierra todos aquellos espacios donde el concepto de biosfera est\u00e1 muy presente. Aprenderemos de primera mano qu\u00e9 es lo que significa y c\u00f3mo preservarlo. En mayo de 2013 las Terres de l&#8217;Ebre fueron declaradas Reserva de la Biosfera por la UNESCO por su riqueza paisaj\u00edstica, la representatividad de sus ecosistemas mediterr\u00e1neos y su modelo de conservaci\u00f3n de la biodiversidad.<\/p>\n<p>Las reservas de la biosfera son territorios de rica diversidad biol\u00f3gica y cultural en los que se trabaja para conservar los ecosistemas, junto con el desarrollo econ\u00f3mico<br \/>y social a trav\u00e9s de una buena relaci\u00f3n de las personas con la naturaleza.<\/p>\n\t\t\t\t\t\t\t\t<\/div>\n\t\t\t\t<\/div>\n\t\t\t\t\t<\/div>\n\t\t<\/div>\n\t\t\t\t\t<\/div>\n\t\t<\/section>\n\t\t\t\t\t<\/div>\n\t\t<\/div>\n\t\t\t\t\t<\/div>\n\t\t<\/section>\n\t\t\t\t<section class=\"elementor-section elementor-top-section elementor-element elementor-element-534ded2 section-130-65 elementor-section-boxed elementor-section-height-default elementor-section-height-default\" data-id=\"534ded2\" data-element_type=\"section\" data-e-type=\"section\">\n\t\t\t\t\t\t<div class=\"elementor-container elementor-column-gap-default\">\n\t\t\t\t\t<div class=\"elementor-column elementor-col-100 elementor-top-column elementor-element elementor-element-3187184\" data-id=\"3187184\" data-element_type=\"column\" data-e-type=\"column\">\n\t\t\t<div class=\"elementor-widget-wrap elementor-element-populated\">\n\t\t\t\t\t\t<div class=\"elementor-element elementor-element-86a813c elementor-widget elementor-widget-heading\" data-id=\"86a813c\" data-element_type=\"widget\" data-e-type=\"widget\" data-widget_type=\"heading.default\">\n\t\t\t\t<div class=\"elementor-widget-container\">\n\t\t\t\t\t<h2 class=\"elementor-heading-title elementor-size-default\">\u00daltimo cap\u00edtulo<\/h2>\t\t\t\t<\/div>\n\t\t\t\t<\/div>\n\t\t\t\t<div class=\"elementor-element elementor-element-2e8d573 elementor-widget elementor-widget-sw_last_video\" data-id=\"2e8d573\" data-element_type=\"widget\" data-e-type=\"widget\" data-widget_type=\"sw_last_video.default\">\n\t\t\t\t<div class=\"elementor-widget-container\">\n\t\t\t\t\t        <div class=\"cthiso-items cthiso-flex\">\n         \n        <\/div>\n                \t\t\t\t<\/div>\n\t\t\t\t<\/div>\n\t\t\t\t\t<\/div>\n\t\t<\/div>\n\t\t\t\t\t<\/div>\n\t\t<\/section>\n\t\t\t\t<section class=\"elementor-section elementor-top-section elementor-element elementor-element-ab338c3 section-65-130 elementor-section-boxed elementor-section-height-default elementor-section-height-default\" data-id=\"ab338c3\" data-element_type=\"section\" data-e-type=\"section\">\n\t\t\t\t\t\t<div class=\"elementor-container elementor-column-gap-default\">\n\t\t\t\t\t<div class=\"elementor-column elementor-col-100 elementor-top-column elementor-element elementor-element-e2a44da\" data-id=\"e2a44da\" data-element_type=\"column\" data-e-type=\"column\">\n\t\t\t<div class=\"elementor-widget-wrap elementor-element-populated\">\n\t\t\t\t\t\t<div class=\"elementor-element elementor-element-607cee5 elementor-widget elementor-widget-heading\" data-id=\"607cee5\" data-element_type=\"widget\" data-e-type=\"widget\" data-widget_type=\"heading.default\">\n\t\t\t\t<div class=\"elementor-widget-container\">\n\t\t\t\t\t<h2 class=\"elementor-heading-title elementor-size-default\">Cap\u00edtulos de la temporada 1<\/h2>\t\t\t\t<\/div>\n\t\t\t\t<\/div>\n\t\t\t\t<div class=\"elementor-element elementor-element-0eb59f1 elementor-widget elementor-widget-sw_videos_grid\" data-id=\"0eb59f1\" data-element_type=\"widget\" data-e-type=\"widget\" data-widget_type=\"sw_videos_grid.default\">\n\t\t\t\t<div class=\"elementor-widget-container\">\n\t\t\t\t\t        <div class=\"sw-videos-grid cthiso-items cthiso-flex cthiso-big-pad cthiso-three-cols\">\n         \n        <\/div>\n                                \t\t\t\t<\/div>\n\t\t\t\t<\/div>\n\t\t\t\t\t<\/div>\n\t\t<\/div>\n\t\t\t\t\t<\/div>\n\t\t<\/section>\n\t\t\t\t<\/div>\n\t\t","protected":false},"excerpt":{"rendered":"<p>Verd i blau El espacio Verd i blau est\u00e1 conducido por Blanca Garcia, enamorada de las Terres de l&#8217;Ebre, incansable buscadora de rincones y personas especiales. Con ella descubriremos por mar, cielo y tierra todos aquellos espacios donde el concepto de biosfera est\u00e1 muy presente. Aprenderemos de primera mano qu\u00e9 es lo que significa y &hellip; <\/p>\n","protected":false},"author":1,"featured_media":0,"parent":17921,"menu_order":0,"comment_status":"closed","ping_status":"closed","template":"elementor_header_footer","meta":{"_acf_changed":false,"footnotes":""},"class_list":["post-17907","page","type-page","status-publish","hentry"],"acf":[],"yoast_head":"<!-- This site is optimized with the Yoast SEO plugin v27.4 - https:\/\/yoast.com\/product\/yoast-seo-wordpress\/ -->\n<title>Verd i blau - Ebrexperience<\/title>\n<meta name=\"robots\" content=\"index, follow, max-snippet:-1, max-image-preview:large, max-video-preview:-1\" \/>\n<link rel=\"canonical\" href=\"https:\/\/ebrexperience.cat\/es\/canal-exp\/verd-i-blau\/\" \/>\n<meta property=\"og:locale\" content=\"es_ES\" \/>\n<meta property=\"og:type\" content=\"article\" \/>\n<meta property=\"og:title\" content=\"Verd i blau - Ebrexperience\" \/>\n<meta property=\"og:description\" content=\"Verd i blau El espacio Verd i blau est\u00e1 conducido por Blanca Garcia, enamorada de las Terres de l&#8217;Ebre, incansable buscadora de rincones y personas especiales. Con ella descubriremos por mar, cielo y tierra todos aquellos espacios donde el concepto de biosfera est\u00e1 muy presente. Aprenderemos de primera mano qu\u00e9 es lo que significa y &hellip;\" \/>\n<meta property=\"og:url\" content=\"https:\/\/ebrexperience.cat\/es\/canal-exp\/verd-i-blau\/\" \/>\n<meta property=\"og:site_name\" content=\"Ebrexperience\" \/>\n<meta property=\"article:publisher\" content=\"https:\/\/www.facebook.com\/EbreXperience\/\" \/>\n<meta property=\"article:modified_time\" content=\"2023-06-02T07:04:54+00:00\" \/>\n<meta property=\"og:image\" content=\"https:\/\/ebrexperience.cat\/wp-content\/uploads\/2023\/04\/verd-blau.png\" \/>\n<meta name=\"twitter:card\" content=\"summary_large_image\" \/>\n<meta name=\"twitter:site\" content=\"@ebrexperience\" \/>\n<meta name=\"twitter:label1\" content=\"Tiempo de lectura\" \/>\n\t<meta name=\"twitter:data1\" content=\"1 minuto\" \/>\n<script type=\"application\/ld+json\" class=\"yoast-schema-graph\">{\"@context\":\"https:\\\/\\\/schema.org\",\"@graph\":[{\"@type\":\"WebPage\",\"@id\":\"https:\\\/\\\/ebrexperience.cat\\\/es\\\/canal-exp\\\/verd-i-blau\\\/\",\"url\":\"https:\\\/\\\/ebrexperience.cat\\\/es\\\/canal-exp\\\/verd-i-blau\\\/\",\"name\":\"Verd i blau - Ebrexperience\",\"isPartOf\":{\"@id\":\"https:\\\/\\\/ebrexperience.cat\\\/#website\"},\"primaryImageOfPage\":{\"@id\":\"https:\\\/\\\/ebrexperience.cat\\\/es\\\/canal-exp\\\/verd-i-blau\\\/#primaryimage\"},\"image\":{\"@id\":\"https:\\\/\\\/ebrexperience.cat\\\/es\\\/canal-exp\\\/verd-i-blau\\\/#primaryimage\"},\"thumbnailUrl\":\"https:\\\/\\\/ebrexperience.cat\\\/wp-content\\\/uploads\\\/2023\\\/04\\\/verd-blau.png\",\"datePublished\":\"2023-04-18T15:28:42+00:00\",\"dateModified\":\"2023-06-02T07:04:54+00:00\",\"breadcrumb\":{\"@id\":\"https:\\\/\\\/ebrexperience.cat\\\/es\\\/canal-exp\\\/verd-i-blau\\\/#breadcrumb\"},\"inLanguage\":\"es\",\"potentialAction\":[{\"@type\":\"ReadAction\",\"target\":[\"https:\\\/\\\/ebrexperience.cat\\\/es\\\/canal-exp\\\/verd-i-blau\\\/\"]}]},{\"@type\":\"ImageObject\",\"inLanguage\":\"es\",\"@id\":\"https:\\\/\\\/ebrexperience.cat\\\/es\\\/canal-exp\\\/verd-i-blau\\\/#primaryimage\",\"url\":\"https:\\\/\\\/ebrexperience.cat\\\/wp-content\\\/uploads\\\/2023\\\/04\\\/verd-blau.png\",\"contentUrl\":\"https:\\\/\\\/ebrexperience.cat\\\/wp-content\\\/uploads\\\/2023\\\/04\\\/verd-blau.png\"},{\"@type\":\"BreadcrumbList\",\"@id\":\"https:\\\/\\\/ebrexperience.cat\\\/es\\\/canal-exp\\\/verd-i-blau\\\/#breadcrumb\",\"itemListElement\":[{\"@type\":\"ListItem\",\"position\":1,\"name\":\"Portada\",\"item\":\"https:\\\/\\\/ebrexperience.cat\\\/es\\\/\"},{\"@type\":\"ListItem\",\"position\":2,\"name\":\"Canal eXp\",\"item\":\"https:\\\/\\\/ebrexperience.cat\\\/es\\\/canal-exp\\\/\"},{\"@type\":\"ListItem\",\"position\":3,\"name\":\"Verd i blau\"}]},{\"@type\":\"WebSite\",\"@id\":\"https:\\\/\\\/ebrexperience.cat\\\/#website\",\"url\":\"https:\\\/\\\/ebrexperience.cat\\\/\",\"name\":\"Ebrexperience\",\"description\":\"\",\"publisher\":{\"@id\":\"https:\\\/\\\/ebrexperience.cat\\\/#organization\"},\"potentialAction\":[{\"@type\":\"SearchAction\",\"target\":{\"@type\":\"EntryPoint\",\"urlTemplate\":\"https:\\\/\\\/ebrexperience.cat\\\/?s={search_term_string}\"},\"query-input\":{\"@type\":\"PropertyValueSpecification\",\"valueRequired\":true,\"valueName\":\"search_term_string\"}}],\"inLanguage\":\"es\"},{\"@type\":\"Organization\",\"@id\":\"https:\\\/\\\/ebrexperience.cat\\\/#organization\",\"name\":\"Ebrexperience\",\"url\":\"https:\\\/\\\/ebrexperience.cat\\\/\",\"logo\":{\"@type\":\"ImageObject\",\"inLanguage\":\"es\",\"@id\":\"https:\\\/\\\/ebrexperience.cat\\\/#\\\/schema\\\/logo\\\/image\\\/\",\"url\":\"https:\\\/\\\/ebrexperience.cat\\\/wp-content\\\/uploads\\\/2023\\\/03\\\/logo.png\",\"contentUrl\":\"https:\\\/\\\/ebrexperience.cat\\\/wp-content\\\/uploads\\\/2023\\\/03\\\/logo.png\",\"width\":252,\"height\":45,\"caption\":\"Ebrexperience\"},\"image\":{\"@id\":\"https:\\\/\\\/ebrexperience.cat\\\/#\\\/schema\\\/logo\\\/image\\\/\"},\"sameAs\":[\"https:\\\/\\\/www.facebook.com\\\/EbreXperience\\\/\",\"https:\\\/\\\/x.com\\\/ebrexperience\",\"https:\\\/\\\/www.instagram.com\\\/ebrexperience\\\/\"]}]}<\/script>\n<!-- \/ Yoast SEO plugin. -->","yoast_head_json":{"title":"Verd i blau - Ebrexperience","robots":{"index":"index","follow":"follow","max-snippet":"max-snippet:-1","max-image-preview":"max-image-preview:large","max-video-preview":"max-video-preview:-1"},"canonical":"https:\/\/ebrexperience.cat\/es\/canal-exp\/verd-i-blau\/","og_locale":"es_ES","og_type":"article","og_title":"Verd i blau - Ebrexperience","og_description":"Verd i blau El espacio Verd i blau est\u00e1 conducido por Blanca Garcia, enamorada de las Terres de l&#8217;Ebre, incansable buscadora de rincones y personas especiales. Con ella descubriremos por mar, cielo y tierra todos aquellos espacios donde el concepto de biosfera est\u00e1 muy presente. Aprenderemos de primera mano qu\u00e9 es lo que significa y &hellip;","og_url":"https:\/\/ebrexperience.cat\/es\/canal-exp\/verd-i-blau\/","og_site_name":"Ebrexperience","article_publisher":"https:\/\/www.facebook.com\/EbreXperience\/","article_modified_time":"2023-06-02T07:04:54+00:00","og_image":[{"url":"https:\/\/ebrexperience.cat\/wp-content\/uploads\/2023\/04\/verd-blau.png","type":"","width":"","height":""}],"twitter_card":"summary_large_image","twitter_site":"@ebrexperience","twitter_misc":{"Tiempo de lectura":"1 minuto"},"schema":{"@context":"https:\/\/schema.org","@graph":[{"@type":"WebPage","@id":"https:\/\/ebrexperience.cat\/es\/canal-exp\/verd-i-blau\/","url":"https:\/\/ebrexperience.cat\/es\/canal-exp\/verd-i-blau\/","name":"Verd i blau - Ebrexperience","isPartOf":{"@id":"https:\/\/ebrexperience.cat\/#website"},"primaryImageOfPage":{"@id":"https:\/\/ebrexperience.cat\/es\/canal-exp\/verd-i-blau\/#primaryimage"},"image":{"@id":"https:\/\/ebrexperience.cat\/es\/canal-exp\/verd-i-blau\/#primaryimage"},"thumbnailUrl":"https:\/\/ebrexperience.cat\/wp-content\/uploads\/2023\/04\/verd-blau.png","datePublished":"2023-04-18T15:28:42+00:00","dateModified":"2023-06-02T07:04:54+00:00","breadcrumb":{"@id":"https:\/\/ebrexperience.cat\/es\/canal-exp\/verd-i-blau\/#breadcrumb"},"inLanguage":"es","potentialAction":[{"@type":"ReadAction","target":["https:\/\/ebrexperience.cat\/es\/canal-exp\/verd-i-blau\/"]}]},{"@type":"ImageObject","inLanguage":"es","@id":"https:\/\/ebrexperience.cat\/es\/canal-exp\/verd-i-blau\/#primaryimage","url":"https:\/\/ebrexperience.cat\/wp-content\/uploads\/2023\/04\/verd-blau.png","contentUrl":"https:\/\/ebrexperience.cat\/wp-content\/uploads\/2023\/04\/verd-blau.png"},{"@type":"BreadcrumbList","@id":"https:\/\/ebrexperience.cat\/es\/canal-exp\/verd-i-blau\/#breadcrumb","itemListElement":[{"@type":"ListItem","position":1,"name":"Portada","item":"https:\/\/ebrexperience.cat\/es\/"},{"@type":"ListItem","position":2,"name":"Canal eXp","item":"https:\/\/ebrexperience.cat\/es\/canal-exp\/"},{"@type":"ListItem","position":3,"name":"Verd i blau"}]},{"@type":"WebSite","@id":"https:\/\/ebrexperience.cat\/#website","url":"https:\/\/ebrexperience.cat\/","name":"Ebrexperience","description":"","publisher":{"@id":"https:\/\/ebrexperience.cat\/#organization"},"potentialAction":[{"@type":"SearchAction","target":{"@type":"EntryPoint","urlTemplate":"https:\/\/ebrexperience.cat\/?s={search_term_string}"},"query-input":{"@type":"PropertyValueSpecification","valueRequired":true,"valueName":"search_term_string"}}],"inLanguage":"es"},{"@type":"Organization","@id":"https:\/\/ebrexperience.cat\/#organization","name":"Ebrexperience","url":"https:\/\/ebrexperience.cat\/","logo":{"@type":"ImageObject","inLanguage":"es","@id":"https:\/\/ebrexperience.cat\/#\/schema\/logo\/image\/","url":"https:\/\/ebrexperience.cat\/wp-content\/uploads\/2023\/03\/logo.png","contentUrl":"https:\/\/ebrexperience.cat\/wp-content\/uploads\/2023\/03\/logo.png","width":252,"height":45,"caption":"Ebrexperience"},"image":{"@id":"https:\/\/ebrexperience.cat\/#\/schema\/logo\/image\/"},"sameAs":["https:\/\/www.facebook.com\/EbreXperience\/","https:\/\/x.com\/ebrexperience","https:\/\/www.instagram.com\/ebrexperience\/"]}]}},"_links":{"self":[{"href":"https:\/\/ebrexperience.cat\/es\/wp-json\/wp\/v2\/pages\/17907","targetHints":{"allow":["GET"]}}],"collection":[{"href":"https:\/\/ebrexperience.cat\/es\/wp-json\/wp\/v2\/pages"}],"about":[{"href":"https:\/\/ebrexperience.cat\/es\/wp-json\/wp\/v2\/types\/page"}],"author":[{"embeddable":true,"href":"https:\/\/ebrexperience.cat\/es\/wp-json\/wp\/v2\/users\/1"}],"replies":[{"embeddable":true,"href":"https:\/\/ebrexperience.cat\/es\/wp-json\/wp\/v2\/comments?post=17907"}],"version-history":[{"count":1,"href":"https:\/\/ebrexperience.cat\/es\/wp-json\/wp\/v2\/pages\/17907\/revisions"}],"predecessor-version":[{"id":17908,"href":"https:\/\/ebrexperience.cat\/es\/wp-json\/wp\/v2\/pages\/17907\/revisions\/17908"}],"up":[{"embeddable":true,"href":"https:\/\/ebrexperience.cat\/es\/wp-json\/wp\/v2\/pages\/17921"}],"wp:attachment":[{"href":"https:\/\/ebrexperience.cat\/es\/wp-json\/wp\/v2\/media?parent=17907"}],"curies":[{"name":"wp","href":"https:\/\/api.w.org\/{rel}","templated":true}]}}