{"id":17897,"date":"2023-02-24T16:16:47","date_gmt":"2023-02-24T15:16:47","guid":{"rendered":"https:\/\/globals.app\/ebrexperience\/alta-empresas\/"},"modified":"2023-10-05T17:28:32","modified_gmt":"2023-10-05T15:28:32","slug":"alta-empresas","status":"publish","type":"page","link":"https:\/\/ebrexperience.cat\/es\/alta-empresas\/","title":{"rendered":"Alta empresas"},"content":{"rendered":"\t\t<div data-elementor-type=\"wp-page\" data-elementor-id=\"17897\" class=\"elementor elementor-17897 elementor-23\">\n\t\t\t\t\t\t<section class=\"elementor-section elementor-top-section elementor-element elementor-element-3361554 page-category__title elementor-section-boxed elementor-section-height-default elementor-section-height-default\" data-id=\"3361554\" data-element_type=\"section\" data-e-type=\"section\" data-settings=\"{&quot;background_background&quot;:&quot;classic&quot;}\">\n\t\t\t\t\t\t\t<div class=\"elementor-background-overlay\"><\/div>\n\t\t\t\t\t\t\t<div class=\"elementor-container elementor-column-gap-default\">\n\t\t\t\t\t<div class=\"elementor-column elementor-col-100 elementor-top-column elementor-element elementor-element-4d95c19\" data-id=\"4d95c19\" data-element_type=\"column\" data-e-type=\"column\">\n\t\t\t<div class=\"elementor-widget-wrap elementor-element-populated\">\n\t\t\t\t\t\t<div class=\"elementor-element elementor-element-f69457e elementor-widget elementor-widget-heading\" data-id=\"f69457e\" data-element_type=\"widget\" data-e-type=\"widget\" data-widget_type=\"heading.default\">\n\t\t\t\t<div class=\"elementor-widget-container\">\n\t\t\t\t\t<h1 class=\"elementor-heading-title elementor-size-default\">Alta empresas<\/h1>\t\t\t\t<\/div>\n\t\t\t\t<\/div>\n\t\t\t\t\t<\/div>\n\t\t<\/div>\n\t\t\t\t\t<\/div>\n\t\t<\/section>\n\t\t\t\t<section class=\"elementor-section elementor-top-section elementor-element elementor-element-1d91b32 section-130 alta__formularis elementor-section-boxed elementor-section-height-default elementor-section-height-default\" data-id=\"1d91b32\" data-element_type=\"section\" data-e-type=\"section\" data-settings=\"{&quot;background_background&quot;:&quot;classic&quot;}\">\n\t\t\t\t\t\t<div class=\"elementor-container elementor-column-gap-default\">\n\t\t\t\t\t<div class=\"elementor-column elementor-col-50 elementor-top-column elementor-element elementor-element-8be606e\" data-id=\"8be606e\" data-element_type=\"column\" data-e-type=\"column\">\n\t\t\t<div class=\"elementor-widget-wrap elementor-element-populated\">\n\t\t\t\t\t\t<div class=\"elementor-element elementor-element-fb95ced elementor-widget elementor-widget-text-editor\" data-id=\"fb95ced\" data-element_type=\"widget\" data-e-type=\"widget\" data-widget_type=\"text-editor.default\">\n\t\t\t\t<div class=\"elementor-widget-container\">\n\t\t\t\t\t\t\t\t\t<p class=\"h2\">Acceder<\/p>\r\n<p class=\"size-24\">Entra en tu \u00e1rea privada<\/p>\t\t\t\t\t\t\t\t<\/div>\n\t\t\t\t<\/div>\n\t\t\t\t<div class=\"elementor-element elementor-element-4269253 elementor-widget elementor-widget-shortcode\" data-id=\"4269253\" data-element_type=\"widget\" data-e-type=\"widget\" data-widget_type=\"shortcode.default\">\n\t\t\t\t<div class=\"elementor-widget-container\">\n\t\t\t\t\t\t\t<div class=\"elementor-shortcode\"><div class=\"login-form-container cth-wide-form\">\n    \n    <!-- Show errors if there are any -->\n    \n    <!-- Show logged out message if user just logged out -->\n    \n    \n         \n    <form name=\"loginform\" id=\"loginform\" action=\"https:\/\/ebrexperience.cat\/es\/wp-login.php\" method=\"post\"><p class=\"login-username\">\n\t\t\t\t<label for=\"user_login\">Nombre de usuario<\/label>\n\t\t\t\t<input type=\"text\" name=\"log\" id=\"user_login\" autocomplete=\"username\" class=\"input\" value=\"\" size=\"20\" \/>\n\t\t\t<\/p><p class=\"login-password\">\n\t\t\t\t<label for=\"user_pass\">Contrase\u00f1a<\/label>\n\t\t\t\t<input type=\"password\" name=\"pwd\" id=\"user_pass\" autocomplete=\"current-password\" spellcheck=\"false\" class=\"input\" value=\"\" size=\"20\" \/>\n\t\t\t<\/p><input type=\"hidden\" name=\"cth-enable-recaptcha\" value=\"1\"><p class=\"login-remember\"><label><input name=\"rememberme\" type=\"checkbox\" id=\"rememberme\" value=\"forever\" \/> Recu\u00e9rdame<\/label><\/p><p class=\"login-submit\">\n\t\t\t\t<input type=\"submit\" name=\"wp-submit\" id=\"wp-submit\" class=\"button button-primary\" value=\"Entrar\" \/>\n\t\t\t\t<input type=\"hidden\" name=\"redirect_to\" value=\"\" \/>\n\t\t\t<\/p><\/form>     \n    <p><a class=\"forgot-password\" href=\"https:\/\/ebrexperience.cat\/forget-password-page\/\">\n        \u00bfOlvidaste tu contrase\u00f1a?    <\/a> | <a class=\"forgot-password\" href=\"https:\/\/ebrexperience.cat\/es\/wp-login.php?action=register\">\n        Registrar una cuenta nueva    <\/a><\/p>\n\n        \n<\/div>\n<\/div>\n\t\t\t\t\t\t<\/div>\n\t\t\t\t<\/div>\n\t\t\t\t\t<\/div>\n\t\t<\/div>\n\t\t\t\t<div class=\"elementor-column elementor-col-50 elementor-top-column elementor-element elementor-element-bc00102\" data-id=\"bc00102\" data-element_type=\"column\" data-e-type=\"column\">\n\t\t\t<div class=\"elementor-widget-wrap elementor-element-populated\">\n\t\t\t\t\t\t<div class=\"elementor-element elementor-element-caaed6a elementor-widget elementor-widget-text-editor\" data-id=\"caaed6a\" data-element_type=\"widget\" data-e-type=\"widget\" data-widget_type=\"text-editor.default\">\n\t\t\t\t<div class=\"elementor-widget-container\">\n\t\t\t\t\t\t\t\t\t<p class=\"h2\">Registrarse<\/p>\r\n<p class=\"size-24\">Si desea registrarse, rellene este formulario<\/p>\t\t\t\t\t\t\t\t<\/div>\n\t\t\t\t<\/div>\n\t\t\t\t<div class=\"elementor-element elementor-element-bb57968 elementor-widget elementor-widget-shortcode\" data-id=\"bb57968\" data-element_type=\"widget\" data-e-type=\"widget\" data-widget_type=\"shortcode.default\">\n\t\t\t\t<div class=\"elementor-widget-container\">\n\t\t\t\t\t\t\t<div class=\"elementor-shortcode\"><div id=\"register-form\" class=\"widecolumn cth-wide-form\">\n    \n     \n    <form id=\"signupform\" action=\"https:\/\/ebrexperience.cat\/es\/wp-login.php?action=register\" method=\"post\">\n                <p class=\"form-row\">\n            <label for=\"user_company\">Company Name <strong>*<\/strong><\/label>\n            <input type=\"text\" name=\"user_company\" id=\"user_company\" required value=\"\">\n        <\/p>\n        <p class=\"form-row\">\n            <label for=\"username\">Nombre de usuario <strong>*<\/strong><\/label>\n            <input type=\"text\" name=\"username\" id=\"username\" required value=\"\"\n                \n                pattern=\"^[A-Za-z\\d\\.]{6,}$\"                title=\"Podeu utilitzar lletres, n\u00fameros i punts i com a m\u00ednim 6 car\u00e0cters o m\u00e9s\"            >\n            <span class=\"input-pattern-desc\">Podeu utilitzar lletres, n\u00fameros i punts i com a m\u00ednim 6 car\u00e0cters o m\u00e9s<\/span>        <\/p>\n        <p class=\"form-row\">\n            <label for=\"user_phone\">Phone Number <strong>*<\/strong><\/label>\n            <input type=\"tel\" name=\"user_phone\" id=\"user_phone\" required value=\"\">\n        <\/p>\n                <p class=\"form-row\">\n            <label for=\"email\">Email Address <strong>*<\/strong><\/label>\n            <input type=\"email\" name=\"email\" id=\"email\" required value=\"\"\n                pattern=\"^[a-z0-9._%+-]+@[a-z0-9.-]+\\.[a-z]{2,}$\"                title=\"Assegureu-vos d\"            >\n            \n        <\/p>\n                <p class=\"form-row\">\n            <label for=\"first_name\">Nombre<\/label>\n            <input type=\"text\" name=\"first_name\" id=\"first_name\" required value=\"\">\n        <\/p>\n                        <p class=\"form-row\">\n            <label for=\"last_name\">Apellidos<\/label>\n            <input type=\"text\" name=\"last_name\" id=\"last_name\" required value=\"\">\n        <\/p>\n        \n                <p class=\"form-row\">\n            <label for=\"reg-password\">Contrase\u00f1a <strong>*<\/strong><\/label>\n            <input type=\"password\" name=\"password\" id=\"reg-password\" onClick=\"this.select()\" value=\"\" required\n                autocomplete=\"off\" \n                pattern=\"^(?=.*[a-z])(?=.*[A-Z])(?=.*\\d)[A-Za-z\\d$@$!%*?&amp;]{8,}$\"                title=\"Ha de contenir almenys un n\u00famero i una lletra maj\u00fascula i min\u00fascula, i almenys 8 car\u00e0cters o m\u00e9s\"            >\n            <span class=\"input-pattern-desc\">Ha de contenir almenys un n\u00famero i una lletra maj\u00fascula i min\u00fascula, i almenys 8 car\u00e0cters o m\u00e9s<\/span>        <\/p>\n        \n                                                \n        <div class=\"form-row terms_wrap\">\n                        <div class=\"filter-tags\">\n                <input id=\"accept_term\" name=\"accept_term\" value=\"1\" type=\"checkbox\" required=\"required\">\n                <label for=\"accept_term\">En utilitzar el lloc web, accepteu els termes i condicions<\/label>\n            <\/div>\n                                    <div class=\"filter-tags\">\n                <input id=\"consent_data\" name=\"consent_data\" value=\"1\" type=\"checkbox\" required=\"required\">\n                <label for=\"consent_data\">Consentiment al tractament de dades personals<\/label>\n            <\/div>\n                    <\/div>\n\n         \n        <p class=\"signup-submit\">\n            <input type=\"submit\" name=\"submit\" class=\"register-button button button-primary\"\n                   value=\"Reg\u00edstrate\"\/>\n        <\/p>\n\n        <p><a class=\"have-an-account\" href=\"https:\/\/ebrexperience.cat\/es\/wp-login.php\">\n            Have an account?        <\/a><\/p>\n    <\/form>\n<\/div><\/div>\n\t\t\t\t\t\t<\/div>\n\t\t\t\t<\/div>\n\t\t\t\t\t<\/div>\n\t\t<\/div>\n\t\t\t\t\t<\/div>\n\t\t<\/section>\n\t\t\t\t<section class=\"elementor-section elementor-top-section elementor-element elementor-element-50b1a36 elementor-section-boxed elementor-section-height-default elementor-section-height-default\" data-id=\"50b1a36\" data-element_type=\"section\" data-e-type=\"section\" data-settings=\"{&quot;background_background&quot;:&quot;classic&quot;}\">\n\t\t\t\t\t\t<div class=\"elementor-container elementor-column-gap-default\">\n\t\t\t\t\t<div class=\"elementor-column elementor-col-100 elementor-top-column elementor-element elementor-element-ee70dc3\" data-id=\"ee70dc3\" data-element_type=\"column\" data-e-type=\"column\">\n\t\t\t<div class=\"elementor-widget-wrap elementor-element-populated\">\n\t\t\t\t\t\t<div class=\"elementor-element elementor-element-f50601f elementor-widget elementor-widget-text-editor\" data-id=\"f50601f\" data-element_type=\"widget\" data-e-type=\"widget\" data-widget_type=\"text-editor.default\">\n\t\t\t\t<div class=\"elementor-widget-container\">\n\t\t\t\t\t\t\t\t\t<p style=\"font-size: 18px; text-align: center; color: #fff;\"><strong>Si necesitas m\u00e1s informaci\u00f3n sobre el proyecto o para darte de alta puedes llamar al\u00a0 610 20 33 25.\u00a0 de 9 a 17\u202fh d\u00edas laborables.<\/strong><\/p>\t\t\t\t\t\t\t\t<\/div>\n\t\t\t\t<\/div>\n\t\t\t\t\t<\/div>\n\t\t<\/div>\n\t\t\t\t\t<\/div>\n\t\t<\/section>\n\t\t\t\t<section class=\"elementor-section elementor-top-section elementor-element elementor-element-fc2bd0d elementor-section-content-middle section-130 elementor-section-boxed elementor-section-height-default elementor-section-height-default\" data-id=\"fc2bd0d\" data-element_type=\"section\" data-e-type=\"section\">\n\t\t\t\t\t\t<div class=\"elementor-container elementor-column-gap-default\">\n\t\t\t\t\t<div class=\"elementor-column elementor-col-50 elementor-top-column elementor-element elementor-element-6e15ddc\" data-id=\"6e15ddc\" data-element_type=\"column\" data-e-type=\"column\">\n\t\t\t<div class=\"elementor-widget-wrap elementor-element-populated\">\n\t\t\t\t\t\t<div class=\"elementor-element elementor-element-00522f2 elementor-widget__width-initial elementor-widget elementor-widget-text-editor\" data-id=\"00522f2\" data-element_type=\"widget\" data-e-type=\"widget\" data-widget_type=\"text-editor.default\">\n\t\t\t\t<div class=\"elementor-widget-container\">\n\t\t\t\t\t\t\t\t\t<p class=\"h2 h2-l-h-55\">\u00bfEres una empresa tur\u00edstica de las Terres de l&#8217;Ebre? Date de alta en ebrexperience.cat y tendr\u00e1s m\u00e1s visibilidad. \u00a1Es gratuito!<\/p>\t\t\t\t\t\t\t\t<\/div>\n\t\t\t\t<\/div>\n\t\t\t\t\t<\/div>\n\t\t<\/div>\n\t\t\t\t<div class=\"elementor-column elementor-col-50 elementor-top-column elementor-element elementor-element-81f7bcf\" data-id=\"81f7bcf\" data-element_type=\"column\" data-e-type=\"column\">\n\t\t\t<div class=\"elementor-widget-wrap elementor-element-populated\">\n\t\t\t\t\t\t<div class=\"elementor-element elementor-element-8b4ba5e elementor-widget__width-initial elementor-widget elementor-widget-text-editor\" data-id=\"8b4ba5e\" data-element_type=\"widget\" data-e-type=\"widget\" data-widget_type=\"text-editor.default\">\n\t\t\t\t<div class=\"elementor-widget-container\">\n\t\t\t\t\t\t\t\t\t<p>La <strong>presencia de aut\u00f3nomos y empresas en EbreXperience es gratuita<\/strong>. Si eres una empresa o aut\u00f3nomo local con vinculaciones directas con el mundo del turismo, queremos ponernos a tu lado.<br \/>\nUna vez registrado podr\u00e1s a\u00f1adir actividades y experiencias que desees compartir con los visitantes del portal, con informaci\u00f3n, fotos y enlaces a tus redes sociales.<\/p>\n\t\t\t\t\t\t\t\t<\/div>\n\t\t\t\t<\/div>\n\t\t\t\t\t<\/div>\n\t\t<\/div>\n\t\t\t\t\t<\/div>\n\t\t<\/section>\n\t\t\t\t<\/div>\n\t\t","protected":false},"excerpt":{"rendered":"<p>Alta empresas Acceder Entra en tu \u00e1rea privada Registrarse Si desea registrarse, rellene este formulario Si necesitas m\u00e1s informaci\u00f3n sobre el proyecto o para darte de alta puedes llamar al\u00a0 610 20 33 25.\u00a0 de 9 a 17\u202fh d\u00edas laborables. \u00bfEres una empresa tur\u00edstica de las Terres de l&#8217;Ebre? Date de alta en ebrexperience.cat y &hellip; <\/p>\n","protected":false},"author":1,"featured_media":0,"parent":0,"menu_order":0,"comment_status":"closed","ping_status":"closed","template":"page-fullwidth.php","meta":{"_acf_changed":false,"footnotes":""},"class_list":["post-17897","page","type-page","status-publish","hentry"],"acf":[],"yoast_head":"<!-- This site is optimized with the Yoast SEO plugin v27.4 - https:\/\/yoast.com\/product\/yoast-seo-wordpress\/ -->\n<title>Alta empresas - Ebrexperience<\/title>\n<meta name=\"robots\" content=\"index, follow, max-snippet:-1, max-image-preview:large, max-video-preview:-1\" \/>\n<link rel=\"canonical\" href=\"https:\/\/ebrexperience.cat\/es\/alta-empresas\/\" \/>\n<meta property=\"og:locale\" content=\"es_ES\" \/>\n<meta property=\"og:type\" content=\"article\" \/>\n<meta property=\"og:title\" content=\"Alta empresas - Ebrexperience\" \/>\n<meta property=\"og:description\" content=\"Alta empresas Acceder Entra en tu \u00e1rea privada Registrarse Si desea registrarse, rellene este formulario Si necesitas m\u00e1s informaci\u00f3n sobre el proyecto o para darte de alta puedes llamar al\u00a0 610 20 33 25.\u00a0 de 9 a 17\u202fh d\u00edas laborables. \u00bfEres una empresa tur\u00edstica de las Terres de l&#8217;Ebre? Date de alta en ebrexperience.cat y &hellip;\" \/>\n<meta property=\"og:url\" content=\"https:\/\/ebrexperience.cat\/es\/alta-empresas\/\" \/>\n<meta property=\"og:site_name\" content=\"Ebrexperience\" \/>\n<meta property=\"article:publisher\" content=\"https:\/\/www.facebook.com\/EbreXperience\/\" \/>\n<meta property=\"article:modified_time\" content=\"2023-10-05T15:28:32+00:00\" \/>\n<meta name=\"twitter:card\" content=\"summary_large_image\" \/>\n<meta name=\"twitter:site\" content=\"@ebrexperience\" \/>\n<meta name=\"twitter:label1\" content=\"Tiempo de lectura\" \/>\n\t<meta name=\"twitter:data1\" content=\"1 minuto\" \/>\n<script type=\"application\/ld+json\" class=\"yoast-schema-graph\">{\"@context\":\"https:\\\/\\\/schema.org\",\"@graph\":[{\"@type\":\"WebPage\",\"@id\":\"https:\\\/\\\/ebrexperience.cat\\\/es\\\/alta-empresas\\\/\",\"url\":\"https:\\\/\\\/ebrexperience.cat\\\/es\\\/alta-empresas\\\/\",\"name\":\"Alta empresas - Ebrexperience\",\"isPartOf\":{\"@id\":\"https:\\\/\\\/ebrexperience.cat\\\/#website\"},\"datePublished\":\"2023-02-24T15:16:47+00:00\",\"dateModified\":\"2023-10-05T15:28:32+00:00\",\"breadcrumb\":{\"@id\":\"https:\\\/\\\/ebrexperience.cat\\\/es\\\/alta-empresas\\\/#breadcrumb\"},\"inLanguage\":\"es\",\"potentialAction\":[{\"@type\":\"ReadAction\",\"target\":[\"https:\\\/\\\/ebrexperience.cat\\\/es\\\/alta-empresas\\\/\"]}]},{\"@type\":\"BreadcrumbList\",\"@id\":\"https:\\\/\\\/ebrexperience.cat\\\/es\\\/alta-empresas\\\/#breadcrumb\",\"itemListElement\":[{\"@type\":\"ListItem\",\"position\":1,\"name\":\"Portada\",\"item\":\"https:\\\/\\\/ebrexperience.cat\\\/es\\\/\"},{\"@type\":\"ListItem\",\"position\":2,\"name\":\"Alta empresas\"}]},{\"@type\":\"WebSite\",\"@id\":\"https:\\\/\\\/ebrexperience.cat\\\/#website\",\"url\":\"https:\\\/\\\/ebrexperience.cat\\\/\",\"name\":\"Ebrexperience\",\"description\":\"\",\"publisher\":{\"@id\":\"https:\\\/\\\/ebrexperience.cat\\\/#organization\"},\"potentialAction\":[{\"@type\":\"SearchAction\",\"target\":{\"@type\":\"EntryPoint\",\"urlTemplate\":\"https:\\\/\\\/ebrexperience.cat\\\/?s={search_term_string}\"},\"query-input\":{\"@type\":\"PropertyValueSpecification\",\"valueRequired\":true,\"valueName\":\"search_term_string\"}}],\"inLanguage\":\"es\"},{\"@type\":\"Organization\",\"@id\":\"https:\\\/\\\/ebrexperience.cat\\\/#organization\",\"name\":\"Ebrexperience\",\"url\":\"https:\\\/\\\/ebrexperience.cat\\\/\",\"logo\":{\"@type\":\"ImageObject\",\"inLanguage\":\"es\",\"@id\":\"https:\\\/\\\/ebrexperience.cat\\\/#\\\/schema\\\/logo\\\/image\\\/\",\"url\":\"https:\\\/\\\/ebrexperience.cat\\\/wp-content\\\/uploads\\\/2023\\\/03\\\/logo.png\",\"contentUrl\":\"https:\\\/\\\/ebrexperience.cat\\\/wp-content\\\/uploads\\\/2023\\\/03\\\/logo.png\",\"width\":252,\"height\":45,\"caption\":\"Ebrexperience\"},\"image\":{\"@id\":\"https:\\\/\\\/ebrexperience.cat\\\/#\\\/schema\\\/logo\\\/image\\\/\"},\"sameAs\":[\"https:\\\/\\\/www.facebook.com\\\/EbreXperience\\\/\",\"https:\\\/\\\/x.com\\\/ebrexperience\",\"https:\\\/\\\/www.instagram.com\\\/ebrexperience\\\/\"]}]}<\/script>\n<!-- \/ Yoast SEO plugin. -->","yoast_head_json":{"title":"Alta empresas - Ebrexperience","robots":{"index":"index","follow":"follow","max-snippet":"max-snippet:-1","max-image-preview":"max-image-preview:large","max-video-preview":"max-video-preview:-1"},"canonical":"https:\/\/ebrexperience.cat\/es\/alta-empresas\/","og_locale":"es_ES","og_type":"article","og_title":"Alta empresas - Ebrexperience","og_description":"Alta empresas Acceder Entra en tu \u00e1rea privada Registrarse Si desea registrarse, rellene este formulario Si necesitas m\u00e1s informaci\u00f3n sobre el proyecto o para darte de alta puedes llamar al\u00a0 610 20 33 25.\u00a0 de 9 a 17\u202fh d\u00edas laborables. \u00bfEres una empresa tur\u00edstica de las Terres de l&#8217;Ebre? Date de alta en ebrexperience.cat y &hellip;","og_url":"https:\/\/ebrexperience.cat\/es\/alta-empresas\/","og_site_name":"Ebrexperience","article_publisher":"https:\/\/www.facebook.com\/EbreXperience\/","article_modified_time":"2023-10-05T15:28:32+00:00","twitter_card":"summary_large_image","twitter_site":"@ebrexperience","twitter_misc":{"Tiempo de lectura":"1 minuto"},"schema":{"@context":"https:\/\/schema.org","@graph":[{"@type":"WebPage","@id":"https:\/\/ebrexperience.cat\/es\/alta-empresas\/","url":"https:\/\/ebrexperience.cat\/es\/alta-empresas\/","name":"Alta empresas - Ebrexperience","isPartOf":{"@id":"https:\/\/ebrexperience.cat\/#website"},"datePublished":"2023-02-24T15:16:47+00:00","dateModified":"2023-10-05T15:28:32+00:00","breadcrumb":{"@id":"https:\/\/ebrexperience.cat\/es\/alta-empresas\/#breadcrumb"},"inLanguage":"es","potentialAction":[{"@type":"ReadAction","target":["https:\/\/ebrexperience.cat\/es\/alta-empresas\/"]}]},{"@type":"BreadcrumbList","@id":"https:\/\/ebrexperience.cat\/es\/alta-empresas\/#breadcrumb","itemListElement":[{"@type":"ListItem","position":1,"name":"Portada","item":"https:\/\/ebrexperience.cat\/es\/"},{"@type":"ListItem","position":2,"name":"Alta empresas"}]},{"@type":"WebSite","@id":"https:\/\/ebrexperience.cat\/#website","url":"https:\/\/ebrexperience.cat\/","name":"Ebrexperience","description":"","publisher":{"@id":"https:\/\/ebrexperience.cat\/#organization"},"potentialAction":[{"@type":"SearchAction","target":{"@type":"EntryPoint","urlTemplate":"https:\/\/ebrexperience.cat\/?s={search_term_string}"},"query-input":{"@type":"PropertyValueSpecification","valueRequired":true,"valueName":"search_term_string"}}],"inLanguage":"es"},{"@type":"Organization","@id":"https:\/\/ebrexperience.cat\/#organization","name":"Ebrexperience","url":"https:\/\/ebrexperience.cat\/","logo":{"@type":"ImageObject","inLanguage":"es","@id":"https:\/\/ebrexperience.cat\/#\/schema\/logo\/image\/","url":"https:\/\/ebrexperience.cat\/wp-content\/uploads\/2023\/03\/logo.png","contentUrl":"https:\/\/ebrexperience.cat\/wp-content\/uploads\/2023\/03\/logo.png","width":252,"height":45,"caption":"Ebrexperience"},"image":{"@id":"https:\/\/ebrexperience.cat\/#\/schema\/logo\/image\/"},"sameAs":["https:\/\/www.facebook.com\/EbreXperience\/","https:\/\/x.com\/ebrexperience","https:\/\/www.instagram.com\/ebrexperience\/"]}]}},"_links":{"self":[{"href":"https:\/\/ebrexperience.cat\/es\/wp-json\/wp\/v2\/pages\/17897","targetHints":{"allow":["GET"]}}],"collection":[{"href":"https:\/\/ebrexperience.cat\/es\/wp-json\/wp\/v2\/pages"}],"about":[{"href":"https:\/\/ebrexperience.cat\/es\/wp-json\/wp\/v2\/types\/page"}],"author":[{"embeddable":true,"href":"https:\/\/ebrexperience.cat\/es\/wp-json\/wp\/v2\/users\/1"}],"replies":[{"embeddable":true,"href":"https:\/\/ebrexperience.cat\/es\/wp-json\/wp\/v2\/comments?post=17897"}],"version-history":[{"count":7,"href":"https:\/\/ebrexperience.cat\/es\/wp-json\/wp\/v2\/pages\/17897\/revisions"}],"predecessor-version":[{"id":19846,"href":"https:\/\/ebrexperience.cat\/es\/wp-json\/wp\/v2\/pages\/17897\/revisions\/19846"}],"wp:attachment":[{"href":"https:\/\/ebrexperience.cat\/es\/wp-json\/wp\/v2\/media?parent=17897"}],"curies":[{"name":"wp","href":"https:\/\/api.w.org\/{rel}","templated":true}]}}